{"id":61,"date":"2023-08-03T07:28:16","date_gmt":"2023-08-03T07:28:16","guid":{"rendered":"https:\/\/nemesispuzol.es\/?page_id=61"},"modified":"2023-08-03T07:31:41","modified_gmt":"2023-08-03T07:31:41","slug":"61-2","status":"publish","type":"page","link":"https:\/\/nemesispuzol.es\/?page_id=61","title":{"rendered":"Contacto"},"content":{"rendered":"<p>[et_pb_section fb_built=\u00bb1&#8243; theme_builder_area=\u00bbpost_content\u00bb _builder_version=\u00bb4.21.2&#8243; _module_preset=\u00bbdefault\u00bb background_color=\u00bbrgba(0,0,0,0.18)\u00bb hover_enabled=\u00bb0&#8243; sticky_enabled=\u00bb0&#8243;][et_pb_row _builder_version=\u00bb4.21.2&#8243; _module_preset=\u00bbdefault\u00bb theme_builder_area=\u00bbpost_content\u00bb hover_enabled=\u00bb0&#8243; sticky_enabled=\u00bb0&#8243;][et_pb_column _builder_version=\u00bb4.21.2&#8243; _module_preset=\u00bbdefault\u00bb type=\u00bb4_4&#8243; theme_builder_area=\u00bbpost_content\u00bb][et_pb_text _builder_version=\u00bb4.21.2&#8243; _module_preset=\u00bbdefault\u00bb theme_builder_area=\u00bbpost_content\u00bb background_color=\u00bbRGBA(255,255,255,0)\u00bb hover_enabled=\u00bb0&#8243; sticky_enabled=\u00bb0&#8243;]<\/p>\n<h2 style=\"text-align: center;\"><strong>Contacta con nosotros<\/strong><\/h2>\n<hr width=\"200px\" \/>\n<p style=\"text-align: center;\">Si necesita contactar con nosotros,<\/p>\n<p style=\"text-align: center;\">no dude en llamarnos, enviarnos un correo o acudir a nuestro despacho.<\/p>\n<p style=\"text-align: center;\">\n<p style=\"text-align: center;\">\n<h4 style=\"text-align: center;\"><strong>HORARIO DE LUNES A VIERNES<\/strong><\/h4>\n<h5 style=\"text-align: center;\"><strong>Ma\u00f1anas: 9:00 a 14:30<\/strong><\/h5>\n<h5 style=\"text-align: center;\"><strong>Tardes: 16:00 a 19:00<\/strong><\/h5>\n<h5 style=\"text-align: center;\"><strong>VIERNES TARDE CERRADO<\/strong><\/h5>\n<p>[\/et_pb_text][\/et_pb_column][\/et_pb_row][\/et_pb_section][et_pb_section fb_built=\u00bb1&#8243; theme_builder_area=\u00bbpost_content\u00bb _builder_version=\u00bb4.21.2&#8243; _module_preset=\u00bbdefault\u00bb][et_pb_row _builder_version=\u00bb4.21.2&#8243; _module_preset=\u00bbdefault\u00bb column_structure=\u00bb1_3,1_3,1_3&#8243; theme_builder_area=\u00bbpost_content\u00bb][et_pb_column _builder_version=\u00bb4.21.2&#8243; _module_preset=\u00bbdefault\u00bb type=\u00bb1_3&#8243; theme_builder_area=\u00bbpost_content\u00bb][et_pb_text _builder_version=\u00bb4.21.2&#8243; _module_preset=\u00bbdefault\u00bb theme_builder_area=\u00bbpost_content\u00bb hover_enabled=\u00bb0&#8243; sticky_enabled=\u00bb0&#8243;]<\/p>\n<p><img loading=\"lazy\" decoding=\"async\" src=\"https:\/\/nemesispuzol.es\/wp-content\/uploads\/2023\/08\/marcador-1.png\" width=\"32\" height=\"32\" alt=\"\" class=\"wp-image-65 alignnone size-full\" style=\"display: block; margin-left: auto; margin-right: auto;\" \/><\/p>\n<h5 style=\"text-align: center;\"><strong><\/strong><\/h5>\n<h5 style=\"text-align: center;\"><strong>Nuestra direcci\u00f3n<\/strong><\/h5>\n<p style=\"text-align: center;\">Avenida Vicente Ros, 42<br \/>46530-Puzol (Valencia)<\/p>\n<p>[\/et_pb_text][\/et_pb_column][et_pb_column _builder_version=\u00bb4.21.2&#8243; _module_preset=\u00bbdefault\u00bb type=\u00bb1_3&#8243; theme_builder_area=\u00bbpost_content\u00bb][et_pb_text _builder_version=\u00bb4.21.2&#8243; _module_preset=\u00bbdefault\u00bb theme_builder_area=\u00bbpost_content\u00bb hover_enabled=\u00bb0&#8243; sticky_enabled=\u00bb0&#8243;]<\/p>\n<p><img loading=\"lazy\" decoding=\"async\" src=\"https:\/\/nemesispuzol.es\/wp-content\/uploads\/2023\/08\/llamada-telefonica-1.png\" width=\"32\" height=\"32\" alt=\"\" class=\"wp-image-67 alignnone size-full\" style=\"display: block; margin-left: auto; margin-right: auto;\" \/><\/p>\n<h5 style=\"text-align: center;\"><strong><\/strong><\/h5>\n<h5 style=\"text-align: center;\"><strong>Tel\u00e9fonos<\/strong><\/h5>\n<p style=\"text-align: center;\">+34 961 42 21 49<br \/>+34 961 42 25 99<br \/>+34 625 40 58 95 <em>&#8211; whatsapp<\/em><br \/>+34 961 46 60 37 <em>&#8211; fax<\/em><\/p>\n<p>[\/et_pb_text][\/et_pb_column][et_pb_column _builder_version=\u00bb4.21.2&#8243; _module_preset=\u00bbdefault\u00bb type=\u00bb1_3&#8243; theme_builder_area=\u00bbpost_content\u00bb][et_pb_text _builder_version=\u00bb4.21.2&#8243; _module_preset=\u00bbdefault\u00bb theme_builder_area=\u00bbpost_content\u00bb hover_enabled=\u00bb0&#8243; sticky_enabled=\u00bb0&#8243;]<\/p>\n<p><img loading=\"lazy\" decoding=\"async\" src=\"https:\/\/nemesispuzol.es\/wp-content\/uploads\/2023\/08\/sobre.png\" width=\"32\" height=\"32\" alt=\"\" class=\"wp-image-68 alignnone size-full\" style=\"display: block; margin-left: auto; margin-right: auto;\" \/><\/p>\n<h5 style=\"text-align: center;\"><strong><\/strong><\/h5>\n<h5 style=\"text-align: center;\"><strong>Nuestro email<\/strong><\/h5>\n<p style=\"text-align: center;\">asesoria@nemesispuzol.es<\/p>\n<p>[\/et_pb_text][\/et_pb_column][\/et_pb_row][et_pb_row _builder_version=\u00bb4.21.2&#8243; _module_preset=\u00bbdefault\u00bb theme_builder_area=\u00bbpost_content\u00bb][et_pb_column _builder_version=\u00bb4.21.2&#8243; _module_preset=\u00bbdefault\u00bb type=\u00bb4_4&#8243; theme_builder_area=\u00bbpost_content\u00bb][et_pb_text _builder_version=\u00bb4.21.2&#8243; _module_preset=\u00bbdefault\u00bb theme_builder_area=\u00bbpost_content\u00bb hover_enabled=\u00bb0&#8243; sticky_enabled=\u00bb0&#8243;]<\/p>\n<h5 style=\"text-align: center;\"><strong>Estamos en las redes sociales<\/strong><\/h5>\n<p>[\/et_pb_text][\/et_pb_column][\/et_pb_row][et_pb_row _builder_version=\u00bb4.21.2&#8243; _module_preset=\u00bbdefault\u00bb column_structure=\u00bb1_3,1_3,1_3&#8243; theme_builder_area=\u00bbpost_content\u00bb][et_pb_column _builder_version=\u00bb4.21.2&#8243; _module_preset=\u00bbdefault\u00bb type=\u00bb1_3&#8243; theme_builder_area=\u00bbpost_content\u00bb][et_pb_icon _builder_version=\u00bb4.21.2&#8243; _module_preset=\u00bbdefault\u00bb theme_builder_area=\u00bbpost_content\u00bb font_icon=\u00bb&#xe0aa;||divi||400&#8243; icon_color=\u00bb#0C71C3&#8243; hover_enabled=\u00bb0&#8243; sticky_enabled=\u00bb0&#8243; align=\u00bbright\u00bb url=\u00bbhttps:\/\/www.facebook.com\/Nemesis-Puzol-SL-308528575878869\/\u00bb url_new_window=\u00bbon\u00bb][\/et_pb_icon][\/et_pb_column][et_pb_column _builder_version=\u00bb4.21.2&#8243; _module_preset=\u00bbdefault\u00bb type=\u00bb1_3&#8243; theme_builder_area=\u00bbpost_content\u00bb][et_pb_icon _builder_version=\u00bb4.21.2&#8243; _module_preset=\u00bbdefault\u00bb theme_builder_area=\u00bbpost_content\u00bb font_icon=\u00bb&#xe0b1;||divi||400&#8243; icon_color=\u00bb#E02B20&#8243; hover_enabled=\u00bb0&#8243; sticky_enabled=\u00bb0&#8243; url=\u00bbhttps:\/\/www.instagram.com\/nemesis.puzol\/\u00bb url_new_window=\u00bbon\u00bb][\/et_pb_icon][\/et_pb_column][et_pb_column _builder_version=\u00bb4.21.2&#8243; _module_preset=\u00bbdefault\u00bb type=\u00bb1_3&#8243; theme_builder_area=\u00bbpost_content\u00bb][et_pb_icon _builder_version=\u00bb4.21.2&#8243; _module_preset=\u00bbdefault\u00bb theme_builder_area=\u00bbpost_content\u00bb font_icon=\u00bb&#xe0b4;||divi||400&#8243; icon_color=\u00bb#0C71C3&#8243; hover_enabled=\u00bb0&#8243; sticky_enabled=\u00bb0&#8243; align=\u00bbleft\u00bb url=\u00bbhttps:\/\/www.linkedin.com\/feed\/\u00bb url_new_window=\u00bbon\u00bb][\/et_pb_icon][\/et_pb_column][\/et_pb_row][\/et_pb_section][et_pb_section fb_built=\u00bb1&#8243; theme_builder_area=\u00bbpost_content\u00bb _builder_version=\u00bb4.21.2&#8243; _module_preset=\u00bbdefault\u00bb][et_pb_row _builder_version=\u00bb4.21.2&#8243; _module_preset=\u00bbdefault\u00bb theme_builder_area=\u00bbpost_content\u00bb][et_pb_column _builder_version=\u00bb4.21.2&#8243; _module_preset=\u00bbdefault\u00bb type=\u00bb4_4&#8243; theme_builder_area=\u00bbpost_content\u00bb][et_pb_code _builder_version=\u00bb4.21.2&#8243; _module_preset=\u00bbdefault\u00bb theme_builder_area=\u00bbpost_content\u00bb hover_enabled=\u00bb0&#8243; sticky_enabled=\u00bb0&#8243;]<iframe src=\"https:\/\/www.google.com\/maps\/embed?pb=!1m18!1m12!1m3!1d3073.5915281139582!2d-0.31193552349258435!3d39.613883104110926!2m3!1f0!2f0!3f0!3m2!1i1024!2i768!4f13.1!3m3!1m2!1s0xd604063359e2527%3A0xc200e04c63267c7e!2sNemesis%20Puzol%20S.L.!5e0!3m2!1ses!2ses!4v1691047742268!5m2!1ses!2ses\" width=\"100%\" height=\"450\" style=\"border:0;\" allowfullscreen=\"\" loading=\"lazy\" referrerpolicy=\"no-referrer-when-downgrade\"><\/iframe>[\/et_pb_code][\/et_pb_column][\/et_pb_row][\/et_pb_section]<\/p>\n","protected":false},"excerpt":{"rendered":"<p>Contacta con nosotros Si necesita contactar con nosotros, no dude en llamarnos, enviarnos un correo o acudir a nuestro despacho. HORARIO DE LUNES A VIERNES Ma\u00f1anas: 9:00 a 14:30 Tardes: 16:00 a 19:00 VIERNES TARDE CERRADO Nuestra direcci\u00f3n Avenida Vicente Ros, 4246530-Puzol (Valencia) Tel\u00e9fonos +34 961 42 21 49+34 961 42 25 99+34 625 40 [&hellip;]<\/p>\n","protected":false},"author":1,"featured_media":0,"parent":0,"menu_order":0,"comment_status":"closed","ping_status":"closed","template":"","meta":{"_et_pb_use_builder":"on","_et_pb_old_content":"","_et_gb_content_width":"","footnotes":""},"class_list":["post-61","page","type-page","status-publish","hentry"],"yoast_head":"<!-- This site is optimized with the Yoast SEO plugin v26.0 - https:\/\/yoast.com\/wordpress\/plugins\/seo\/ -->\n<title>Contacto - Nemesis Puzol SL<\/title>\n<meta name=\"robots\" content=\"index, follow, max-snippet:-1, max-image-preview:large, max-video-preview:-1\" \/>\n<link rel=\"canonical\" href=\"https:\/\/nemesispuzol.es\/?page_id=61\" \/>\n<meta property=\"og:locale\" content=\"es_ES\" \/>\n<meta property=\"og:type\" content=\"article\" \/>\n<meta property=\"og:title\" content=\"Contacto - Nemesis Puzol SL\" \/>\n<meta property=\"og:description\" content=\"Contacta con nosotros Si necesita contactar con nosotros, no dude en llamarnos, enviarnos un correo o acudir a nuestro despacho. HORARIO DE LUNES A VIERNES Ma\u00f1anas: 9:00 a 14:30 Tardes: 16:00 a 19:00 VIERNES TARDE CERRADO Nuestra direcci\u00f3n Avenida Vicente Ros, 4246530-Puzol (Valencia) Tel\u00e9fonos +34 961 42 21 49+34 961 42 25 99+34 625 40 [&hellip;]\" \/>\n<meta property=\"og:url\" content=\"https:\/\/nemesispuzol.es\/?page_id=61\" \/>\n<meta property=\"og:site_name\" content=\"Nemesis Puzol SL\" \/>\n<meta property=\"article:modified_time\" content=\"2023-08-03T07:31:41+00:00\" \/>\n<meta property=\"og:image\" content=\"https:\/\/nemesispuzol.es\/wp-content\/uploads\/2023\/08\/marcador-1.png\" \/>\n<meta name=\"twitter:card\" content=\"summary_large_image\" \/>\n<meta name=\"twitter:label1\" content=\"Tiempo de lectura\" \/>\n\t<meta name=\"twitter:data1\" content=\"3 minutos\" \/>\n<script type=\"application\/ld+json\" class=\"yoast-schema-graph\">{\"@context\":\"https:\/\/schema.org\",\"@graph\":[{\"@type\":\"WebPage\",\"@id\":\"https:\/\/nemesispuzol.es\/?page_id=61\",\"url\":\"https:\/\/nemesispuzol.es\/?page_id=61\",\"name\":\"Contacto - Nemesis Puzol SL\",\"isPartOf\":{\"@id\":\"https:\/\/nemesispuzol.es\/#website\"},\"primaryImageOfPage\":{\"@id\":\"https:\/\/nemesispuzol.es\/?page_id=61#primaryimage\"},\"image\":{\"@id\":\"https:\/\/nemesispuzol.es\/?page_id=61#primaryimage\"},\"thumbnailUrl\":\"https:\/\/nemesispuzol.es\/wp-content\/uploads\/2023\/08\/marcador-1.png\",\"datePublished\":\"2023-08-03T07:28:16+00:00\",\"dateModified\":\"2023-08-03T07:31:41+00:00\",\"breadcrumb\":{\"@id\":\"https:\/\/nemesispuzol.es\/?page_id=61#breadcrumb\"},\"inLanguage\":\"es\",\"potentialAction\":[{\"@type\":\"ReadAction\",\"target\":[\"https:\/\/nemesispuzol.es\/?page_id=61\"]}]},{\"@type\":\"ImageObject\",\"inLanguage\":\"es\",\"@id\":\"https:\/\/nemesispuzol.es\/?page_id=61#primaryimage\",\"url\":\"https:\/\/nemesispuzol.es\/wp-content\/uploads\/2023\/08\/marcador-1.png\",\"contentUrl\":\"https:\/\/nemesispuzol.es\/wp-content\/uploads\/2023\/08\/marcador-1.png\",\"width\":32,\"height\":32},{\"@type\":\"BreadcrumbList\",\"@id\":\"https:\/\/nemesispuzol.es\/?page_id=61#breadcrumb\",\"itemListElement\":[{\"@type\":\"ListItem\",\"position\":1,\"name\":\"Portada\",\"item\":\"https:\/\/nemesispuzol.es\/\"},{\"@type\":\"ListItem\",\"position\":2,\"name\":\"Contacto\"}]},{\"@type\":\"WebSite\",\"@id\":\"https:\/\/nemesispuzol.es\/#website\",\"url\":\"https:\/\/nemesispuzol.es\/\",\"name\":\"Nemesis Puzol SL\",\"description\":\"\",\"publisher\":{\"@id\":\"https:\/\/nemesispuzol.es\/#organization\"},\"potentialAction\":[{\"@type\":\"SearchAction\",\"target\":{\"@type\":\"EntryPoint\",\"urlTemplate\":\"https:\/\/nemesispuzol.es\/?s={search_term_string}\"},\"query-input\":{\"@type\":\"PropertyValueSpecification\",\"valueRequired\":true,\"valueName\":\"search_term_string\"}}],\"inLanguage\":\"es\"},{\"@type\":\"Organization\",\"@id\":\"https:\/\/nemesispuzol.es\/#organization\",\"name\":\"Nemesis Puzol SL\",\"url\":\"https:\/\/nemesispuzol.es\/\",\"logo\":{\"@type\":\"ImageObject\",\"inLanguage\":\"es\",\"@id\":\"https:\/\/nemesispuzol.es\/#\/schema\/logo\/image\/\",\"url\":\"https:\/\/nemesispuzol.es\/wp-content\/uploads\/2023\/08\/logo-1.png\",\"contentUrl\":\"https:\/\/nemesispuzol.es\/wp-content\/uploads\/2023\/08\/logo-1.png\",\"width\":213,\"height\":44,\"caption\":\"Nemesis Puzol SL\"},\"image\":{\"@id\":\"https:\/\/nemesispuzol.es\/#\/schema\/logo\/image\/\"}}]}<\/script>\n<!-- \/ Yoast SEO plugin. -->","yoast_head_json":{"title":"Contacto - Nemesis Puzol SL","robots":{"index":"index","follow":"follow","max-snippet":"max-snippet:-1","max-image-preview":"max-image-preview:large","max-video-preview":"max-video-preview:-1"},"canonical":"https:\/\/nemesispuzol.es\/?page_id=61","og_locale":"es_ES","og_type":"article","og_title":"Contacto - Nemesis Puzol SL","og_description":"Contacta con nosotros Si necesita contactar con nosotros, no dude en llamarnos, enviarnos un correo o acudir a nuestro despacho. HORARIO DE LUNES A VIERNES Ma\u00f1anas: 9:00 a 14:30 Tardes: 16:00 a 19:00 VIERNES TARDE CERRADO Nuestra direcci\u00f3n Avenida Vicente Ros, 4246530-Puzol (Valencia) Tel\u00e9fonos +34 961 42 21 49+34 961 42 25 99+34 625 40 [&hellip;]","og_url":"https:\/\/nemesispuzol.es\/?page_id=61","og_site_name":"Nemesis Puzol SL","article_modified_time":"2023-08-03T07:31:41+00:00","og_image":[{"url":"https:\/\/nemesispuzol.es\/wp-content\/uploads\/2023\/08\/marcador-1.png","type":"","width":"","height":""}],"twitter_card":"summary_large_image","twitter_misc":{"Tiempo de lectura":"3 minutos"},"schema":{"@context":"https:\/\/schema.org","@graph":[{"@type":"WebPage","@id":"https:\/\/nemesispuzol.es\/?page_id=61","url":"https:\/\/nemesispuzol.es\/?page_id=61","name":"Contacto - Nemesis Puzol SL","isPartOf":{"@id":"https:\/\/nemesispuzol.es\/#website"},"primaryImageOfPage":{"@id":"https:\/\/nemesispuzol.es\/?page_id=61#primaryimage"},"image":{"@id":"https:\/\/nemesispuzol.es\/?page_id=61#primaryimage"},"thumbnailUrl":"https:\/\/nemesispuzol.es\/wp-content\/uploads\/2023\/08\/marcador-1.png","datePublished":"2023-08-03T07:28:16+00:00","dateModified":"2023-08-03T07:31:41+00:00","breadcrumb":{"@id":"https:\/\/nemesispuzol.es\/?page_id=61#breadcrumb"},"inLanguage":"es","potentialAction":[{"@type":"ReadAction","target":["https:\/\/nemesispuzol.es\/?page_id=61"]}]},{"@type":"ImageObject","inLanguage":"es","@id":"https:\/\/nemesispuzol.es\/?page_id=61#primaryimage","url":"https:\/\/nemesispuzol.es\/wp-content\/uploads\/2023\/08\/marcador-1.png","contentUrl":"https:\/\/nemesispuzol.es\/wp-content\/uploads\/2023\/08\/marcador-1.png","width":32,"height":32},{"@type":"BreadcrumbList","@id":"https:\/\/nemesispuzol.es\/?page_id=61#breadcrumb","itemListElement":[{"@type":"ListItem","position":1,"name":"Portada","item":"https:\/\/nemesispuzol.es\/"},{"@type":"ListItem","position":2,"name":"Contacto"}]},{"@type":"WebSite","@id":"https:\/\/nemesispuzol.es\/#website","url":"https:\/\/nemesispuzol.es\/","name":"Nemesis Puzol SL","description":"","publisher":{"@id":"https:\/\/nemesispuzol.es\/#organization"},"potentialAction":[{"@type":"SearchAction","target":{"@type":"EntryPoint","urlTemplate":"https:\/\/nemesispuzol.es\/?s={search_term_string}"},"query-input":{"@type":"PropertyValueSpecification","valueRequired":true,"valueName":"search_term_string"}}],"inLanguage":"es"},{"@type":"Organization","@id":"https:\/\/nemesispuzol.es\/#organization","name":"Nemesis Puzol SL","url":"https:\/\/nemesispuzol.es\/","logo":{"@type":"ImageObject","inLanguage":"es","@id":"https:\/\/nemesispuzol.es\/#\/schema\/logo\/image\/","url":"https:\/\/nemesispuzol.es\/wp-content\/uploads\/2023\/08\/logo-1.png","contentUrl":"https:\/\/nemesispuzol.es\/wp-content\/uploads\/2023\/08\/logo-1.png","width":213,"height":44,"caption":"Nemesis Puzol SL"},"image":{"@id":"https:\/\/nemesispuzol.es\/#\/schema\/logo\/image\/"}}]}},"_links":{"self":[{"href":"https:\/\/nemesispuzol.es\/index.php?rest_route=\/wp\/v2\/pages\/61","targetHints":{"allow":["GET"]}}],"collection":[{"href":"https:\/\/nemesispuzol.es\/index.php?rest_route=\/wp\/v2\/pages"}],"about":[{"href":"https:\/\/nemesispuzol.es\/index.php?rest_route=\/wp\/v2\/types\/page"}],"author":[{"embeddable":true,"href":"https:\/\/nemesispuzol.es\/index.php?rest_route=\/wp\/v2\/users\/1"}],"replies":[{"embeddable":true,"href":"https:\/\/nemesispuzol.es\/index.php?rest_route=%2Fwp%2Fv2%2Fcomments&post=61"}],"version-history":[{"count":4,"href":"https:\/\/nemesispuzol.es\/index.php?rest_route=\/wp\/v2\/pages\/61\/revisions"}],"predecessor-version":[{"id":71,"href":"https:\/\/nemesispuzol.es\/index.php?rest_route=\/wp\/v2\/pages\/61\/revisions\/71"}],"wp:attachment":[{"href":"https:\/\/nemesispuzol.es\/index.php?rest_route=%2Fwp%2Fv2%2Fmedia&parent=61"}],"curies":[{"name":"wp","href":"https:\/\/api.w.org\/{rel}","templated":true}]}}