{"id":6,"date":"2023-08-02T12:36:08","date_gmt":"2023-08-02T12:36:08","guid":{"rendered":"https:\/\/nemesispuzol.es\/?page_id=6"},"modified":"2023-08-03T09:00:00","modified_gmt":"2023-08-03T09:00:00","slug":"inicio","status":"publish","type":"page","link":"https:\/\/nemesispuzol.es\/","title":{"rendered":"Inicio"},"content":{"rendered":"<p>[et_pb_section fb_built=\u00bb1&#8243; fullwidth=\u00bbon\u00bb _builder_version=\u00bb4.21.2&#8243; _module_preset=\u00bbdefault\u00bb global_colors_info=\u00bb{}\u00bb][et_pb_fullwidth_slider _builder_version=\u00bb4.21.2&#8243; _module_preset=\u00bbdefault\u00bb global_colors_info=\u00bb{}\u00bb][et_pb_slide heading=\u00bbN\u00c9MESIS PUZOL\u00bb _builder_version=\u00bb4.21.2&#8243; _module_preset=\u00bbdefault\u00bb background_enable_color=\u00bboff\u00bb background_image=\u00bbhttps:\/\/nemesispuzol.es\/wp-content\/uploads\/2023\/08\/1-scaled.jpg\u00bb background_enable_image=\u00bbon\u00bb global_colors_info=\u00bb{}\u00bb sticky_transition=\u00bbon\u00bb]<\/p>\n<hr style=\"width: 190px;\">\nAsesor\u00eda Jur\u00eddica[\/et_pb_slide][et_pb_slide heading=\u00bbN\u00c9MESIS PUZOL\u00bb _builder_version=\u00bb4.21.2&#8243; _module_preset=\u00bbdefault\u00bb background_enable_color=\u00bboff\u00bb background_image=\u00bbhttps:\/\/nemesispuzol.es\/wp-content\/uploads\/2023\/08\/2-scaled.jpg\u00bb background_enable_image=\u00bbon\u00bb global_colors_info=\u00bb{}\u00bb sticky_transition=\u00bbon\u00bb]<\/p>\n<hr style=\"width: 190px;\">\nAsesor\u00eda Laboral[\/et_pb_slide][et_pb_slide heading=\u00bbN\u00c9MESIS PUZOL\u00bb _builder_version=\u00bb4.21.2&#8243; _module_preset=\u00bbdefault\u00bb background_enable_color=\u00bboff\u00bb background_image=\u00bbhttps:\/\/nemesispuzol.es\/wp-content\/uploads\/2023\/08\/3-scaled.jpg\u00bb background_enable_image=\u00bbon\u00bb global_colors_info=\u00bb{}\u00bb sticky_transition=\u00bbon\u00bb]<\/p>\n<hr style=\"width: 190px;\">\nAsesor\u00eda Fiscal y Contable[\/et_pb_slide][\/et_pb_fullwidth_slider][\/et_pb_section][et_pb_section fb_built=\u00bb1&#8243; _builder_version=\u00bb4.21.2&#8243; _module_preset=\u00bbdefault\u00bb global_colors_info=\u00bb{}\u00bb][et_pb_row _builder_version=\u00bb4.21.2&#8243; _module_preset=\u00bbdefault\u00bb global_colors_info=\u00bb{}\u00bb][et_pb_column type=\u00bb4_4&#8243; _builder_version=\u00bb4.21.2&#8243; _module_preset=\u00bbdefault\u00bb global_colors_info=\u00bb{}\u00bb][et_pb_text _builder_version=\u00bb4.21.2&#8243; _module_preset=\u00bbdefault\u00bb global_colors_info=\u00bb{}\u00bb]<\/p>\n<h2 style=\"text-align: center;\">ASESOR\u00cdA FISCAL Y CONTABLE<\/h2>\n<hr width=\"200px\" \/>\n<p style=\"text-align: center;\">Ofrecemos un completo asesoramiento fiscal y contable optimizando los recursos de nuestros clientes.<\/p>\n<p style=\"text-align: center;\">Cons\u00faltenos sus dudas y las resolveremos de la manera m\u00e1s beneficiosa para usted.<\/p>\n<p style=\"text-align: center;\">Garantizamos un servicio competente que se esfuerza en reducir costes y aumentar beneficios de las empresas que depositan su confianza en nosotros.<\/p>\n<p>[\/et_pb_text][\/et_pb_column][\/et_pb_row][et_pb_row _builder_version=\u00bb4.21.2&#8243; _module_preset=\u00bbdefault\u00bb global_colors_info=\u00bb{}\u00bb][et_pb_column type=\u00bb4_4&#8243; _builder_version=\u00bb4.21.2&#8243; _module_preset=\u00bbdefault\u00bb global_colors_info=\u00bb{}\u00bb][et_pb_tabs _builder_version=\u00bb4.21.2&#8243; _module_preset=\u00bbdefault\u00bb global_colors_info=\u00bb{}\u00bb][et_pb_tab title=\u00bbALTA OBLIGACIONES FISCALES\u00bb _builder_version=\u00bb4.21.2&#8243; _module_preset=\u00bbdefault\u00bb link_option_url=\u00bbhttps:\/\/www.agenciatributaria.es\/\u00bb link_option_url_new_window=\u00bbon\u00bb global_colors_info=\u00bb{}\u00bb]<img loading=\"lazy\" decoding=\"async\" src=\"https:\/\/nemesispuzol.es\/wp-content\/uploads\/2023\/08\/1-1.jpg\" width=\"250\" height=\"250\" alt=\"\" class=\"wp-image-13 alignnone size-full\" style=\"display: inline;\" srcset=\"https:\/\/nemesispuzol.es\/wp-content\/uploads\/2023\/08\/1-1.jpg 250w, https:\/\/nemesispuzol.es\/wp-content\/uploads\/2023\/08\/1-1-150x150.jpg 150w\" sizes=\"(max-width: 250px) 100vw, 250px\" \/><\/p>\n<div style=\"display: inline;\">En N\u00e9mesis Puzol tramitamos el alta de su actividad econ\u00f3mica en la AEAT.<br \/>\nDeposite su confianza en nuestros servicios indic\u00e1ndonos qu\u00e9 negocio tiene previsto realizar y le informaremos sobre las distintas alternativas indic\u00e1ndole cu\u00e1les ser\u00e1n sus obligaciones fiscales, y proponi\u00e9ndole la mejor soluci\u00f3n para optimizar su rendimientos para que usted decida con la m\u00e1xima seguridad y garant\u00eda.<\/div>\n<p>[\/et_pb_tab][et_pb_tab title=\u00bbALTA SEGURIDAD SOCIAL\u00bb _builder_version=\u00bb4.21.2&#8243; _module_preset=\u00bbdefault\u00bb link_option_url=\u00bbhttp:\/\/www.seg-social.es\/\u00bb link_option_url_new_window=\u00bbon\u00bb global_colors_info=\u00bb{}\u00bb]<img loading=\"lazy\" decoding=\"async\" src=\"https:\/\/nemesispuzol.es\/wp-content\/uploads\/2023\/08\/2-1.jpg\" width=\"250\" height=\"250\" alt=\"\" class=\"wp-image-24 alignnone size-full\" srcset=\"https:\/\/nemesispuzol.es\/wp-content\/uploads\/2023\/08\/2-1.jpg 250w, https:\/\/nemesispuzol.es\/wp-content\/uploads\/2023\/08\/2-1-150x150.jpg 150w\" sizes=\"(max-width: 250px) 100vw, 250px\" \/><\/p>\n<div>El alta en la Seguridad Social es un acto administrativo, mediante el cual se notifica el inicio de una nueva actividad laboral o un cambio de empresa en la que el trabajador prestar\u00e1 sus servicios.<br \/>\nEn N\u00e9mesis Asesores, tramitamos su alta en el R\u00e9gimen Especial de Trabajadores Aut\u00f3nomos, explic\u00e1ndole detalladamente su funcionamiento, con el objetivo de asesorarle sobre las distintas opciones que usted tiene de cotizaci\u00f3n a la Seguridad Social, teniendo en cuenta su situaci\u00f3n laboral para que el empleado quede afiliado en uno o varios reg\u00edmenes, con su protecci\u00f3n correspondiente.<\/div>\n<p>[\/et_pb_tab][et_pb_tab title=\u00bbSOCIEDADES MERCANTILES\u00bb _builder_version=\u00bb4.21.2&#8243; _module_preset=\u00bbdefault\u00bb global_colors_info=\u00bb{}\u00bb]<\/p>\n<p><img loading=\"lazy\" decoding=\"async\" src=\"https:\/\/nemesispuzol.es\/wp-content\/uploads\/2023\/08\/3-1.jpg\" width=\"250\" height=\"250\" alt=\"\" class=\"wp-image-14 alignnone size-full\" srcset=\"https:\/\/nemesispuzol.es\/wp-content\/uploads\/2023\/08\/3-1.jpg 250w, https:\/\/nemesispuzol.es\/wp-content\/uploads\/2023\/08\/3-1-150x150.jpg 150w\" sizes=\"(max-width: 250px) 100vw, 250px\" \/><\/p>\n<p>Una sociedad mercantil es una sociedad cuyo objetivo es la realizaci\u00f3n de una actividad comercial. Hoy en d\u00eda la forma m\u00e1s habitual de proteger su patrimonio personal ante las vicisitudes de su actividad econ\u00f3mica, pasa por la constituci\u00f3n de una sociedad mercantil.<br \/>En N\u00e9mesis Puzol, le asesoraremos en su formaci\u00f3n, inform\u00e1ndole de las ventajas e inconvenientes de esta opci\u00f3n, nos encargaremos del cumplimiento de todas sus obligaciones fiscales, contables y legales (legalizaci\u00f3n libros oficiales, cuentas anuales, adaptaciones legales, etc.).<\/p>\n<p>[\/et_pb_tab][et_pb_tab title=\u00bbDECLARACI\u00d3N DE RENTA\u00bb _builder_version=\u00bb4.21.2&#8243; _module_preset=\u00bbdefault\u00bb global_colors_info=\u00bb{}\u00bb]<img loading=\"lazy\" decoding=\"async\" src=\"https:\/\/nemesispuzol.es\/wp-content\/uploads\/2023\/08\/4.jpg\" width=\"250\" height=\"250\" alt=\"\" class=\"wp-image-15 alignnone size-full\" srcset=\"https:\/\/nemesispuzol.es\/wp-content\/uploads\/2023\/08\/4.jpg 250w, https:\/\/nemesispuzol.es\/wp-content\/uploads\/2023\/08\/4-150x150.jpg 150w\" sizes=\"(max-width: 250px) 100vw, 250px\" \/><\/p>\n<div>La declaraci\u00f3n de la renta es un tr\u00e1mite administrativo que los ciudadanos, como contribuyentes, hemos de realizar cada a\u00f1o cuando comienza la campa\u00f1a de la Agencia Tributaria.<br \/>\nEn N\u00e9mesis Puzol llevamos m\u00e1s de 25 a\u00f1os ayudando a nuestros clientes a cumplir con su obligaci\u00f3n fiscal m\u00e1s com\u00fan: la declaraci\u00f3n sobre el Impuesto de la Renta de la Personas F\u00edsicas. Conocemos la evoluci\u00f3n de este impuesto y hemos ido adquiriendo la pr\u00e1ctica necesaria para confeccionar su renta con especial garant\u00eda y minuciosidad.<\/div>\n<p>[\/et_pb_tab][et_pb_tab title=\u00bbNOTIFICACIONES\u00bb _builder_version=\u00bb4.21.2&#8243; _module_preset=\u00bbdefault\u00bb global_colors_info=\u00bb{}\u00bb]<img loading=\"lazy\" decoding=\"async\" src=\"https:\/\/nemesispuzol.es\/wp-content\/uploads\/2023\/08\/5.jpg\" width=\"250\" height=\"250\" alt=\"\" class=\"wp-image-16 alignnone size-full\" srcset=\"https:\/\/nemesispuzol.es\/wp-content\/uploads\/2023\/08\/5.jpg 250w, https:\/\/nemesispuzol.es\/wp-content\/uploads\/2023\/08\/5-150x150.jpg 150w\" sizes=\"(max-width: 250px) 100vw, 250px\" \/><\/p>\n<div>Dentro de los avisos informativos que nos env\u00eda la Administraci\u00f3n, las Notificaciones 060 son especialmente importantes, porque la gran mayor\u00eda de ellas son obligatorias.<\/p>\n<p>En nuestros servicios incluimos el seguimiento de notificaciones, tanto fiscales como de seguridad social, que puedan recibir nuestros clientes por parte de las administraciones p\u00fablicas, de manera que contar\u00e1n\u00a0con la garant\u00eda y tranquilidad de la recepci\u00f3n y atenci\u00f3n en plazo, de cualquier notificaci\u00f3n recibida.<\/p><\/div>\n<p>[\/et_pb_tab][et_pb_tab title=\u00bbHERENCIAS\u00bb _builder_version=\u00bb4.21.2&#8243; _module_preset=\u00bbdefault\u00bb global_colors_info=\u00bb{}\u00bb]<\/p>\n<p><img loading=\"lazy\" decoding=\"async\" src=\"https:\/\/nemesispuzol.es\/wp-content\/uploads\/2023\/08\/6.jpg\" width=\"250\" height=\"250\" alt=\"\" class=\"wp-image-17 alignnone size-full\" srcset=\"https:\/\/nemesispuzol.es\/wp-content\/uploads\/2023\/08\/6.jpg 250w, https:\/\/nemesispuzol.es\/wp-content\/uploads\/2023\/08\/6-150x150.jpg 150w\" sizes=\"(max-width: 250px) 100vw, 250px\" \/><\/p>\n<p>Para la distribuci\u00f3n de una herencia, es preciso elaborar una buena planificaci\u00f3n haciendo una valoraci\u00f3n rigorosa de los bienes que van a pasar a ser propiedad de los herederos y realizando un estudio detallado que determinar\u00e1 c\u00f3mo hacer la partici\u00f3n.<br \/>En N\u00e9mesis Puzol contamos con una amplia experiencia en este tema que nos faculta para aconsejar a nuestros clientes a adoptar las decisiones m\u00e1s adecuadas. Le asesoramos de forma detallada cada uno de los tr\u00e1mites fundamentales para dejar ultimada su herencia, desde la solicitud del certificado de defunci\u00f3n hasta la entrega de todos los bienes y derechos.<\/p>\n<p>[\/et_pb_tab][et_pb_tab title=\u00bbACREDITACI\u00d3N ELECTR\u00d3NICA\u00bb _builder_version=\u00bb4.21.2&#8243; _module_preset=\u00bbdefault\u00bb global_colors_info=\u00bb{}\u00bb]<\/p>\n<p><img loading=\"lazy\" decoding=\"async\" src=\"https:\/\/nemesispuzol.es\/wp-content\/uploads\/2023\/08\/7.jpg\" width=\"248\" height=\"248\" alt=\"\" class=\"wp-image-18 alignnone size-full\" srcset=\"https:\/\/nemesispuzol.es\/wp-content\/uploads\/2023\/08\/7.jpg 248w, https:\/\/nemesispuzol.es\/wp-content\/uploads\/2023\/08\/7-150x150.jpg 150w\" sizes=\"(max-width: 248px) 100vw, 248px\" \/><\/p>\n<p>En la actualidad es imprescindible la obtenci\u00f3n de una acreditaci\u00f3n electr\u00f3nica, ya que adem\u00e1s de ofrecer grandes ventajas es indispensable para la prestaci\u00f3n de nuestros servicios con plenas garant\u00edas, poder realizar innumerables procesos y procedimientos relacionados tanto con la vida laboral como empresarial.<br \/>Nosotros nos encargamos de todo el tr\u00e1mite, usted \u00fanicamente necesitar\u00e1 presentarse ante la administraci\u00f3n e identificarse.<\/p>\n<p>[\/et_pb_tab][et_pb_tab title=\u00bbLEY DE PROTECCI\u00d3N DE DATOS (LOPD)\u00bb _builder_version=\u00bb4.21.2&#8243; _module_preset=\u00bbdefault\u00bb global_colors_info=\u00bb{}\u00bb]<\/p>\n<p><img loading=\"lazy\" decoding=\"async\" src=\"https:\/\/nemesispuzol.es\/wp-content\/uploads\/2023\/08\/8.jpg\" width=\"250\" height=\"250\" alt=\"\" class=\"wp-image-19 alignnone size-full\" srcset=\"https:\/\/nemesispuzol.es\/wp-content\/uploads\/2023\/08\/8.jpg 250w, https:\/\/nemesispuzol.es\/wp-content\/uploads\/2023\/08\/8-150x150.jpg 150w\" sizes=\"(max-width: 250px) 100vw, 250px\" \/><\/p>\n<p>Los aut\u00f3nomos y la peque\u00f1a y mediana empresa (pymes) est\u00e1n obligados a cumplir con la Ley Org\u00e1nica de Protecci\u00f3n de Datos, m\u00e1s conocida como LOPD, cuando obtienen a trav\u00e9s de sus negocios datos de car\u00e1cter personal, referidos a una persona f\u00edsica.<br \/>En N\u00e9mesis Asesores, te indicamos los aspectos m\u00e1s importantes de esta Ley de Protecci\u00f3n de Datos (LOPD), cuya finalidad es garantizar la protecci\u00f3n y el adecuado tratamiento de datos de car\u00e1cter personal.<br \/>Te orientamos c\u00f3mo implantar las \u00faltimas adaptaciones introducidas por Reglamento General de Protecci\u00f3n de Datos (RGPD) en vigor desde el a\u00f1o 2016, puesto que afecta sobre todo al aut\u00f3nomo y al pyme.<\/p>\n<p>[\/et_pb_tab][\/et_pb_tabs][\/et_pb_column][\/et_pb_row][\/et_pb_section]<\/p>\n","protected":false},"excerpt":{"rendered":"<p>Asesor\u00eda Jur\u00eddica Asesor\u00eda Laboral Asesor\u00eda Fiscal y ContableASESOR\u00cdA FISCAL Y CONTABLE Ofrecemos un completo asesoramiento fiscal y contable optimizando los recursos de nuestros clientes. Cons\u00faltenos sus dudas y las resolveremos de la manera m\u00e1s beneficiosa para usted. Garantizamos un servicio competente que se esfuerza en reducir costes y aumentar beneficios de las empresas que depositan [&hellip;]<\/p>\n","protected":false},"author":1,"featured_media":0,"parent":0,"menu_order":0,"comment_status":"closed","ping_status":"closed","template":"","meta":{"_et_pb_use_builder":"on","_et_pb_old_content":"","_et_gb_content_width":"","footnotes":""},"class_list":["post-6","page","type-page","status-publish","hentry"],"yoast_head":"<!-- This site is optimized with the Yoast SEO plugin v26.0 - https:\/\/yoast.com\/wordpress\/plugins\/seo\/ -->\n<title>Inicio - Nemesis Puzol SL<\/title>\n<meta name=\"robots\" content=\"index, follow, max-snippet:-1, max-image-preview:large, max-video-preview:-1\" \/>\n<link rel=\"canonical\" href=\"https:\/\/nemesispuzol.es\/\" \/>\n<meta property=\"og:locale\" content=\"es_ES\" \/>\n<meta property=\"og:type\" content=\"article\" \/>\n<meta property=\"og:title\" content=\"Inicio - Nemesis Puzol SL\" \/>\n<meta property=\"og:description\" content=\"Asesor\u00eda Jur\u00eddica Asesor\u00eda Laboral Asesor\u00eda Fiscal y ContableASESOR\u00cdA FISCAL Y CONTABLE Ofrecemos un completo asesoramiento fiscal y contable optimizando los recursos de nuestros clientes. Cons\u00faltenos sus dudas y las resolveremos de la manera m\u00e1s beneficiosa para usted. Garantizamos un servicio competente que se esfuerza en reducir costes y aumentar beneficios de las empresas que depositan [&hellip;]\" \/>\n<meta property=\"og:url\" content=\"https:\/\/nemesispuzol.es\/\" \/>\n<meta property=\"og:site_name\" content=\"Nemesis Puzol SL\" \/>\n<meta property=\"article:modified_time\" content=\"2023-08-03T09:00:00+00:00\" \/>\n<meta property=\"og:image\" content=\"https:\/\/nemesispuzol.es\/wp-content\/uploads\/2023\/08\/1-1.jpg\" \/>\n<meta name=\"twitter:card\" content=\"summary_large_image\" \/>\n<meta name=\"twitter:label1\" content=\"Tiempo de lectura\" \/>\n\t<meta name=\"twitter:data1\" content=\"6 minutos\" \/>\n<script type=\"application\/ld+json\" class=\"yoast-schema-graph\">{\"@context\":\"https:\/\/schema.org\",\"@graph\":[{\"@type\":\"WebPage\",\"@id\":\"https:\/\/nemesispuzol.es\/\",\"url\":\"https:\/\/nemesispuzol.es\/\",\"name\":\"Inicio - Nemesis Puzol SL\",\"isPartOf\":{\"@id\":\"https:\/\/nemesispuzol.es\/#website\"},\"primaryImageOfPage\":{\"@id\":\"https:\/\/nemesispuzol.es\/#primaryimage\"},\"image\":{\"@id\":\"https:\/\/nemesispuzol.es\/#primaryimage\"},\"thumbnailUrl\":\"https:\/\/nemesispuzol.es\/wp-content\/uploads\/2023\/08\/1-1.jpg\",\"datePublished\":\"2023-08-02T12:36:08+00:00\",\"dateModified\":\"2023-08-03T09:00:00+00:00\",\"breadcrumb\":{\"@id\":\"https:\/\/nemesispuzol.es\/#breadcrumb\"},\"inLanguage\":\"es\",\"potentialAction\":[{\"@type\":\"ReadAction\",\"target\":[\"https:\/\/nemesispuzol.es\/\"]}]},{\"@type\":\"ImageObject\",\"inLanguage\":\"es\",\"@id\":\"https:\/\/nemesispuzol.es\/#primaryimage\",\"url\":\"https:\/\/nemesispuzol.es\/wp-content\/uploads\/2023\/08\/1-1.jpg\",\"contentUrl\":\"https:\/\/nemesispuzol.es\/wp-content\/uploads\/2023\/08\/1-1.jpg\",\"width\":250,\"height\":250},{\"@type\":\"BreadcrumbList\",\"@id\":\"https:\/\/nemesispuzol.es\/#breadcrumb\",\"itemListElement\":[{\"@type\":\"ListItem\",\"position\":1,\"name\":\"Portada\",\"item\":\"https:\/\/nemesispuzol.es\/\"},{\"@type\":\"ListItem\",\"position\":2,\"name\":\"Inicio\"}]},{\"@type\":\"WebSite\",\"@id\":\"https:\/\/nemesispuzol.es\/#website\",\"url\":\"https:\/\/nemesispuzol.es\/\",\"name\":\"Nemesis Puzol SL\",\"description\":\"\",\"publisher\":{\"@id\":\"https:\/\/nemesispuzol.es\/#organization\"},\"potentialAction\":[{\"@type\":\"SearchAction\",\"target\":{\"@type\":\"EntryPoint\",\"urlTemplate\":\"https:\/\/nemesispuzol.es\/?s={search_term_string}\"},\"query-input\":{\"@type\":\"PropertyValueSpecification\",\"valueRequired\":true,\"valueName\":\"search_term_string\"}}],\"inLanguage\":\"es\"},{\"@type\":\"Organization\",\"@id\":\"https:\/\/nemesispuzol.es\/#organization\",\"name\":\"Nemesis Puzol SL\",\"url\":\"https:\/\/nemesispuzol.es\/\",\"logo\":{\"@type\":\"ImageObject\",\"inLanguage\":\"es\",\"@id\":\"https:\/\/nemesispuzol.es\/#\/schema\/logo\/image\/\",\"url\":\"https:\/\/nemesispuzol.es\/wp-content\/uploads\/2023\/08\/logo-1.png\",\"contentUrl\":\"https:\/\/nemesispuzol.es\/wp-content\/uploads\/2023\/08\/logo-1.png\",\"width\":213,\"height\":44,\"caption\":\"Nemesis Puzol SL\"},\"image\":{\"@id\":\"https:\/\/nemesispuzol.es\/#\/schema\/logo\/image\/\"}}]}<\/script>\n<!-- \/ Yoast SEO plugin. -->","yoast_head_json":{"title":"Inicio - Nemesis Puzol SL","robots":{"index":"index","follow":"follow","max-snippet":"max-snippet:-1","max-image-preview":"max-image-preview:large","max-video-preview":"max-video-preview:-1"},"canonical":"https:\/\/nemesispuzol.es\/","og_locale":"es_ES","og_type":"article","og_title":"Inicio - Nemesis Puzol SL","og_description":"Asesor\u00eda Jur\u00eddica Asesor\u00eda Laboral Asesor\u00eda Fiscal y ContableASESOR\u00cdA FISCAL Y CONTABLE Ofrecemos un completo asesoramiento fiscal y contable optimizando los recursos de nuestros clientes. Cons\u00faltenos sus dudas y las resolveremos de la manera m\u00e1s beneficiosa para usted. Garantizamos un servicio competente que se esfuerza en reducir costes y aumentar beneficios de las empresas que depositan [&hellip;]","og_url":"https:\/\/nemesispuzol.es\/","og_site_name":"Nemesis Puzol SL","article_modified_time":"2023-08-03T09:00:00+00:00","og_image":[{"url":"https:\/\/nemesispuzol.es\/wp-content\/uploads\/2023\/08\/1-1.jpg","type":"","width":"","height":""}],"twitter_card":"summary_large_image","twitter_misc":{"Tiempo de lectura":"6 minutos"},"schema":{"@context":"https:\/\/schema.org","@graph":[{"@type":"WebPage","@id":"https:\/\/nemesispuzol.es\/","url":"https:\/\/nemesispuzol.es\/","name":"Inicio - Nemesis Puzol SL","isPartOf":{"@id":"https:\/\/nemesispuzol.es\/#website"},"primaryImageOfPage":{"@id":"https:\/\/nemesispuzol.es\/#primaryimage"},"image":{"@id":"https:\/\/nemesispuzol.es\/#primaryimage"},"thumbnailUrl":"https:\/\/nemesispuzol.es\/wp-content\/uploads\/2023\/08\/1-1.jpg","datePublished":"2023-08-02T12:36:08+00:00","dateModified":"2023-08-03T09:00:00+00:00","breadcrumb":{"@id":"https:\/\/nemesispuzol.es\/#breadcrumb"},"inLanguage":"es","potentialAction":[{"@type":"ReadAction","target":["https:\/\/nemesispuzol.es\/"]}]},{"@type":"ImageObject","inLanguage":"es","@id":"https:\/\/nemesispuzol.es\/#primaryimage","url":"https:\/\/nemesispuzol.es\/wp-content\/uploads\/2023\/08\/1-1.jpg","contentUrl":"https:\/\/nemesispuzol.es\/wp-content\/uploads\/2023\/08\/1-1.jpg","width":250,"height":250},{"@type":"BreadcrumbList","@id":"https:\/\/nemesispuzol.es\/#breadcrumb","itemListElement":[{"@type":"ListItem","position":1,"name":"Portada","item":"https:\/\/nemesispuzol.es\/"},{"@type":"ListItem","position":2,"name":"Inicio"}]},{"@type":"WebSite","@id":"https:\/\/nemesispuzol.es\/#website","url":"https:\/\/nemesispuzol.es\/","name":"Nemesis Puzol SL","description":"","publisher":{"@id":"https:\/\/nemesispuzol.es\/#organization"},"potentialAction":[{"@type":"SearchAction","target":{"@type":"EntryPoint","urlTemplate":"https:\/\/nemesispuzol.es\/?s={search_term_string}"},"query-input":{"@type":"PropertyValueSpecification","valueRequired":true,"valueName":"search_term_string"}}],"inLanguage":"es"},{"@type":"Organization","@id":"https:\/\/nemesispuzol.es\/#organization","name":"Nemesis Puzol SL","url":"https:\/\/nemesispuzol.es\/","logo":{"@type":"ImageObject","inLanguage":"es","@id":"https:\/\/nemesispuzol.es\/#\/schema\/logo\/image\/","url":"https:\/\/nemesispuzol.es\/wp-content\/uploads\/2023\/08\/logo-1.png","contentUrl":"https:\/\/nemesispuzol.es\/wp-content\/uploads\/2023\/08\/logo-1.png","width":213,"height":44,"caption":"Nemesis Puzol SL"},"image":{"@id":"https:\/\/nemesispuzol.es\/#\/schema\/logo\/image\/"}}]}},"_links":{"self":[{"href":"https:\/\/nemesispuzol.es\/index.php?rest_route=\/wp\/v2\/pages\/6","targetHints":{"allow":["GET"]}}],"collection":[{"href":"https:\/\/nemesispuzol.es\/index.php?rest_route=\/wp\/v2\/pages"}],"about":[{"href":"https:\/\/nemesispuzol.es\/index.php?rest_route=\/wp\/v2\/types\/page"}],"author":[{"embeddable":true,"href":"https:\/\/nemesispuzol.es\/index.php?rest_route=\/wp\/v2\/users\/1"}],"replies":[{"embeddable":true,"href":"https:\/\/nemesispuzol.es\/index.php?rest_route=%2Fwp%2Fv2%2Fcomments&post=6"}],"version-history":[{"count":4,"href":"https:\/\/nemesispuzol.es\/index.php?rest_route=\/wp\/v2\/pages\/6\/revisions"}],"predecessor-version":[{"id":75,"href":"https:\/\/nemesispuzol.es\/index.php?rest_route=\/wp\/v2\/pages\/6\/revisions\/75"}],"wp:attachment":[{"href":"https:\/\/nemesispuzol.es\/index.php?rest_route=%2Fwp%2Fv2%2Fmedia&parent=6"}],"curies":[{"name":"wp","href":"https:\/\/api.w.org\/{rel}","templated":true}]}}