{"id":49,"date":"2023-08-03T06:45:32","date_gmt":"2023-08-03T06:45:32","guid":{"rendered":"https:\/\/nemesispuzol.es\/?page_id=49"},"modified":"2023-08-03T06:45:51","modified_gmt":"2023-08-03T06:45:51","slug":"49-2","status":"publish","type":"page","link":"https:\/\/nemesispuzol.es\/?page_id=49","title":{"rendered":"Nuestro equipo"},"content":{"rendered":"<p>[et_pb_section fb_built=\u00bb1&#8243; theme_builder_area=\u00bbpost_content\u00bb _builder_version=\u00bb4.21.2&#8243; _module_preset=\u00bbdefault\u00bb][et_pb_row _builder_version=\u00bb4.21.2&#8243; _module_preset=\u00bbdefault\u00bb column_structure=\u00bb1_3,1_3,1_3&#8243; theme_builder_area=\u00bbpost_content\u00bb hover_enabled=\u00bb0&#8243; sticky_enabled=\u00bb0&#8243;][et_pb_column _builder_version=\u00bb4.21.2&#8243; _module_preset=\u00bbdefault\u00bb type=\u00bb1_3&#8243; theme_builder_area=\u00bbpost_content\u00bb admin_label=\u00bbColumna\u00bb][et_pb_image src=\u00bbhttps:\/\/nemesispuzol.es\/wp-content\/uploads\/2023\/08\/5-1.jpg\u00bb _builder_version=\u00bb4.21.2&#8243; _module_preset=\u00bbdefault\u00bb theme_builder_area=\u00bbpost_content\u00bb hover_enabled=\u00bb0&#8243; sticky_enabled=\u00bb0&#8243; title_text=\u00bb5&#8243; border_radii=\u00bbon|50%|50%|50%|50%\u00bb][\/et_pb_image][et_pb_text _builder_version=\u00bb4.21.2&#8243; _module_preset=\u00bbdefault\u00bb theme_builder_area=\u00bbpost_content\u00bb hover_enabled=\u00bb0&#8243; sticky_enabled=\u00bb0&#8243;]<\/p>\n<h3 style=\"text-align: center;\"><strong>Eloy Gal\u00e1n Moreno<\/strong><\/h3>\n<p style=\"text-align: center;\">Director Gerente<\/p>\n<p style=\"text-align: center;\"><span style=\"color: #ff0000;\"><a href=\"mailto:eloy@nemesispuzol.es\" target=\"_top\" style=\"color: #ff0000;\" rel=\"noopener\">eloy@nemesispuzol.es<\/a><\/span><\/p>\n<p>[\/et_pb_text][\/et_pb_column][et_pb_column _builder_version=\u00bb4.21.2&#8243; _module_preset=\u00bbdefault\u00bb type=\u00bb1_3&#8243; theme_builder_area=\u00bbpost_content\u00bb admin_label=\u00bbColumna\u00bb][et_pb_image src=\u00bbhttps:\/\/nemesispuzol.es\/wp-content\/uploads\/2023\/08\/6-1.jpg\u00bb _builder_version=\u00bb4.21.2&#8243; _module_preset=\u00bbdefault\u00bb theme_builder_area=\u00bbpost_content\u00bb hover_enabled=\u00bb0&#8243; sticky_enabled=\u00bb0&#8243; title_text=\u00bb6&#8243; border_radii=\u00bbon|50%|50%|50%|50%\u00bb][\/et_pb_image][et_pb_text _builder_version=\u00bb4.21.2&#8243; _module_preset=\u00bbdefault\u00bb theme_builder_area=\u00bbpost_content\u00bb hover_enabled=\u00bb0&#8243; sticky_enabled=\u00bb0&#8243;]<\/p>\n<h3 style=\"text-align: center;\"><strong>Antonio Gilabert Roig<\/strong><\/h3>\n<p style=\"text-align: center;\">Director Financiero<\/p>\n<p style=\"text-align: center;\"><span style=\"color: #ff0000;\"><a href=\"mailto:toni@nemesispuzol.es\" target=\"_top\" style=\"color: #ff0000;\" rel=\"noopener\">toni@nemesispuzol.es<\/a><\/span><\/p>\n<p>[\/et_pb_text][\/et_pb_column][et_pb_column _builder_version=\u00bb4.21.2&#8243; _module_preset=\u00bbdefault\u00bb type=\u00bb1_3&#8243; theme_builder_area=\u00bbpost_content\u00bb admin_label=\u00bbColumna\u00bb][et_pb_image src=\u00bbhttps:\/\/nemesispuzol.es\/wp-content\/uploads\/2023\/08\/7-1.jpg\u00bb _builder_version=\u00bb4.21.2&#8243; _module_preset=\u00bbdefault\u00bb theme_builder_area=\u00bbpost_content\u00bb hover_enabled=\u00bb0&#8243; sticky_enabled=\u00bb0&#8243; title_text=\u00bb7&#8243; border_radii=\u00bbon|50%|50%|50%|50%\u00bb][\/et_pb_image][et_pb_text _builder_version=\u00bb4.21.2&#8243; _module_preset=\u00bbdefault\u00bb theme_builder_area=\u00bbpost_content\u00bb hover_enabled=\u00bb0&#8243; sticky_enabled=\u00bb0&#8243;]<\/p>\n<h3 style=\"text-align: center;\"><strong>Mar\u00eda Suceso Alegre<\/strong><\/h3>\n<p style=\"text-align: center;\">Departamento Jur\u00eddico<\/p>\n<p style=\"text-align: center;\"><span style=\"color: #ff0000;\"><a href=\"mailto:juridico@nemesisasesores.com\" target=\"_top\" style=\"color: #ff0000;\" rel=\"noopener\">juridico@nemesisasesores.com<\/a><\/span><\/p>\n<p>[\/et_pb_text][\/et_pb_column][\/et_pb_row][et_pb_row _builder_version=\u00bb4.21.2&#8243; _module_preset=\u00bbdefault\u00bb theme_builder_area=\u00bbpost_content\u00bb][et_pb_column _builder_version=\u00bb4.21.2&#8243; _module_preset=\u00bbdefault\u00bb type=\u00bb4_4&#8243; theme_builder_area=\u00bbpost_content\u00bb][et_pb_text _builder_version=\u00bb4.21.2&#8243; _module_preset=\u00bbdefault\u00bb theme_builder_area=\u00bbpost_content\u00bb custom_margin=\u00bb||||false|false\u00bb custom_padding=\u00bb||||false|false\u00bb hover_enabled=\u00bb0&#8243; sticky_enabled=\u00bb0&#8243;]<\/p>\n<hr width=\"200px\" \/>\n<p style=\"text-align: center;\">Disponemos de un gran equipo de trabajo especializado en las distintas \u00e1reas Fiscal, Laboral y Contable<\/p>\n<p>[\/et_pb_text][\/et_pb_column][\/et_pb_row][et_pb_row _builder_version=\u00bb4.21.2&#8243; _module_preset=\u00bbdefault\u00bb column_structure=\u00bb1_4,1_4,1_4,1_4&#8243; theme_builder_area=\u00bbpost_content\u00bb hover_enabled=\u00bb0&#8243; sticky_enabled=\u00bb0&#8243;][et_pb_column _builder_version=\u00bb4.21.2&#8243; _module_preset=\u00bbdefault\u00bb type=\u00bb1_4&#8243; theme_builder_area=\u00bbpost_content\u00bb admin_label=\u00bbColumna\u00bb][et_pb_image src=\u00bbhttps:\/\/nemesispuzol.es\/wp-content\/uploads\/2023\/08\/1-2.jpg\u00bb _builder_version=\u00bb4.21.2&#8243; _module_preset=\u00bbdefault\u00bb theme_builder_area=\u00bbpost_content\u00bb hover_enabled=\u00bb0&#8243; sticky_enabled=\u00bb0&#8243; title_text=\u00bb1&#8243; border_radii=\u00bbon|50%|50%|50%|50%\u00bb][\/et_pb_image][et_pb_text _builder_version=\u00bb4.21.2&#8243; _module_preset=\u00bbdefault\u00bb theme_builder_area=\u00bbpost_content\u00bb hover_enabled=\u00bb0&#8243; sticky_enabled=\u00bb0&#8243;]<\/p>\n<h3 style=\"text-align: center;\"><strong>Carmen Rojas Sebasti\u00e1<\/strong><\/h3>\n<p style=\"text-align: center;\">Departamento Fiscal<\/p>\n<p style=\"text-align: center;\"><span style=\"color: #ff0000;\"><a href=\"mailto:carmen@nemesispuzol.es\" target=\"_top\" style=\"color: #ff0000;\" rel=\"noopener\">carmen@nemesispuzol.es<\/a><\/span><\/p>\n<p>[\/et_pb_text][\/et_pb_column][et_pb_column _builder_version=\u00bb4.21.2&#8243; _module_preset=\u00bbdefault\u00bb type=\u00bb1_4&#8243; theme_builder_area=\u00bbpost_content\u00bb admin_label=\u00bbColumna\u00bb][et_pb_image src=\u00bbhttps:\/\/nemesispuzol.es\/wp-content\/uploads\/2023\/08\/8-1.jpg\u00bb _builder_version=\u00bb4.21.2&#8243; _module_preset=\u00bbdefault\u00bb theme_builder_area=\u00bbpost_content\u00bb hover_enabled=\u00bb0&#8243; sticky_enabled=\u00bb0&#8243; title_text=\u00bb8&#8243; border_radii=\u00bbon|50%|50%|50%|50%\u00bb][\/et_pb_image][et_pb_text _builder_version=\u00bb4.21.2&#8243; _module_preset=\u00bbdefault\u00bb theme_builder_area=\u00bbpost_content\u00bb hover_enabled=\u00bb0&#8243; sticky_enabled=\u00bb0&#8243;]<\/p>\n<h3 style=\"text-align: center;\"><strong>Eloy Gal\u00e1n<\/strong><\/h3>\n<p style=\"text-align: center;\">Departamento Fiscal<\/p>\n<p style=\"text-align: center;\"><span style=\"color: #ff0000;\"><a href=\"mailto:eloyjr@nemesispuzol.es\" target=\"_top\" style=\"color: #ff0000;\" rel=\"noopener\">eloyjr@nemesispuzol.es<\/a><\/span><\/p>\n<p>[\/et_pb_text][\/et_pb_column][et_pb_column _builder_version=\u00bb4.21.2&#8243; _module_preset=\u00bbdefault\u00bb type=\u00bb1_4&#8243; theme_builder_area=\u00bbpost_content\u00bb admin_label=\u00bbColumna\u00bb][et_pb_image src=\u00bbhttps:\/\/nemesispuzol.es\/wp-content\/uploads\/2023\/08\/3-2-scaled.jpg\u00bb _builder_version=\u00bb4.21.2&#8243; _module_preset=\u00bbdefault\u00bb theme_builder_area=\u00bbpost_content\u00bb hover_enabled=\u00bb0&#8243; sticky_enabled=\u00bb0&#8243; title_text=\u00bb3&#8243; border_radii=\u00bbon|50%|50%|50%|50%\u00bb][\/et_pb_image][et_pb_text _builder_version=\u00bb4.21.2&#8243; _module_preset=\u00bbdefault\u00bb theme_builder_area=\u00bbpost_content\u00bb hover_enabled=\u00bb0&#8243; sticky_enabled=\u00bb0&#8243;]<\/p>\n<h3 style=\"text-align: center;\"><strong>M\u00f3nica Lunar G\u00f3mez<\/strong><\/h3>\n<p style=\"text-align: center;\">Departamento Fiscal Laboral<\/p>\n<p style=\"text-align: center;\"><span style=\"color: #ff0000;\"><a href=\"mailto:monica@nemesispuzol.es\" target=\"_top\" style=\"color: #ff0000;\" rel=\"noopener\">monica@nemesispuzol.es<\/a><\/span><\/p>\n<p>[\/et_pb_text][\/et_pb_column][et_pb_column _builder_version=\u00bb4.21.2&#8243; _module_preset=\u00bbdefault\u00bb type=\u00bb1_4&#8243; theme_builder_area=\u00bbpost_content\u00bb admin_label=\u00bbColumna\u00bb][et_pb_image src=\u00bbhttps:\/\/nemesispuzol.es\/wp-content\/uploads\/2023\/08\/4-1-scaled.jpg\u00bb _builder_version=\u00bb4.21.2&#8243; _module_preset=\u00bbdefault\u00bb theme_builder_area=\u00bbpost_content\u00bb hover_enabled=\u00bb0&#8243; sticky_enabled=\u00bb0&#8243; title_text=\u00bb4&#8243; border_radii=\u00bbon|50%|50%|50%|50%\u00bb][\/et_pb_image][et_pb_text _builder_version=\u00bb4.21.2&#8243; _module_preset=\u00bbdefault\u00bb theme_builder_area=\u00bbpost_content\u00bb hover_enabled=\u00bb0&#8243; sticky_enabled=\u00bb0&#8243;]<\/p>\n<h3 style=\"text-align: center;\"><strong>Soledad Chulvi Garc\u00eda<\/strong><\/h3>\n<p style=\"text-align: center;\">Departamento Fiscal Contable<\/p>\n<div class=\"col-xs-12 col-sm-3 col-md-3 col-lg-3\" data-wow-delay=\"0.7s\">\n<div class=\"box-team wow bounceInUp\" style=\"text-align: center;\"><span style=\"color: #ff0000;\"><a href=\"mailto:sole@nemesispuzol.es\" target=\"_top\" style=\"color: #ff0000;\" rel=\"noopener\">sole@nemesispuzol.es<\/a><\/span><\/div>\n<\/div>\n<p>[\/et_pb_text][\/et_pb_column][\/et_pb_row][\/et_pb_section]<\/p>\n","protected":false},"excerpt":{"rendered":"<p>Eloy Gal\u00e1n Moreno Director Gerente eloy@nemesispuzol.esAntonio Gilabert Roig Director Financiero toni@nemesispuzol.esMar\u00eda Suceso Alegre Departamento Jur\u00eddico juridico@nemesisasesores.com Disponemos de un gran equipo de trabajo especializado en las distintas \u00e1reas Fiscal, Laboral y ContableCarmen Rojas Sebasti\u00e1 Departamento Fiscal carmen@nemesispuzol.esEloy Gal\u00e1n Departamento Fiscal eloyjr@nemesispuzol.esM\u00f3nica Lunar G\u00f3mez Departamento Fiscal Laboral monica@nemesispuzol.esSoledad Chulvi Garc\u00eda Departamento Fiscal Contable sole@nemesispuzol.es<\/p>\n","protected":false},"author":1,"featured_media":0,"parent":0,"menu_order":0,"comment_status":"closed","ping_status":"closed","template":"","meta":{"_et_pb_use_builder":"on","_et_pb_old_content":"","_et_gb_content_width":"","footnotes":""},"class_list":["post-49","page","type-page","status-publish","hentry"],"yoast_head":"<!-- This site is optimized with the Yoast SEO plugin v26.0 - https:\/\/yoast.com\/wordpress\/plugins\/seo\/ -->\n<title>Nuestro equipo - Nemesis Puzol SL<\/title>\n<meta name=\"robots\" content=\"index, follow, max-snippet:-1, max-image-preview:large, max-video-preview:-1\" \/>\n<link rel=\"canonical\" href=\"https:\/\/nemesispuzol.es\/?page_id=49\" \/>\n<meta property=\"og:locale\" content=\"es_ES\" \/>\n<meta property=\"og:type\" content=\"article\" \/>\n<meta property=\"og:title\" content=\"Nuestro equipo - Nemesis Puzol SL\" \/>\n<meta property=\"og:description\" content=\"Eloy Gal\u00e1n Moreno Director Gerente eloy@nemesispuzol.esAntonio Gilabert Roig Director Financiero toni@nemesispuzol.esMar\u00eda Suceso Alegre Departamento Jur\u00eddico juridico@nemesisasesores.com Disponemos de un gran equipo de trabajo especializado en las distintas \u00e1reas Fiscal, Laboral y ContableCarmen Rojas Sebasti\u00e1 Departamento Fiscal carmen@nemesispuzol.esEloy Gal\u00e1n Departamento Fiscal eloyjr@nemesispuzol.esM\u00f3nica Lunar G\u00f3mez Departamento Fiscal Laboral monica@nemesispuzol.esSoledad Chulvi Garc\u00eda Departamento Fiscal Contable sole@nemesispuzol.es\" \/>\n<meta property=\"og:url\" content=\"https:\/\/nemesispuzol.es\/?page_id=49\" \/>\n<meta property=\"og:site_name\" content=\"Nemesis Puzol SL\" \/>\n<meta property=\"article:modified_time\" content=\"2023-08-03T06:45:51+00:00\" \/>\n<meta name=\"twitter:card\" content=\"summary_large_image\" \/>\n<meta name=\"twitter:label1\" content=\"Tiempo de lectura\" \/>\n\t<meta name=\"twitter:data1\" content=\"4 minutos\" \/>\n<script type=\"application\/ld+json\" class=\"yoast-schema-graph\">{\"@context\":\"https:\/\/schema.org\",\"@graph\":[{\"@type\":\"WebPage\",\"@id\":\"https:\/\/nemesispuzol.es\/?page_id=49\",\"url\":\"https:\/\/nemesispuzol.es\/?page_id=49\",\"name\":\"Nuestro equipo - Nemesis Puzol SL\",\"isPartOf\":{\"@id\":\"https:\/\/nemesispuzol.es\/#website\"},\"datePublished\":\"2023-08-03T06:45:32+00:00\",\"dateModified\":\"2023-08-03T06:45:51+00:00\",\"breadcrumb\":{\"@id\":\"https:\/\/nemesispuzol.es\/?page_id=49#breadcrumb\"},\"inLanguage\":\"es\",\"potentialAction\":[{\"@type\":\"ReadAction\",\"target\":[\"https:\/\/nemesispuzol.es\/?page_id=49\"]}]},{\"@type\":\"BreadcrumbList\",\"@id\":\"https:\/\/nemesispuzol.es\/?page_id=49#breadcrumb\",\"itemListElement\":[{\"@type\":\"ListItem\",\"position\":1,\"name\":\"Portada\",\"item\":\"https:\/\/nemesispuzol.es\/\"},{\"@type\":\"ListItem\",\"position\":2,\"name\":\"Nuestro equipo\"}]},{\"@type\":\"WebSite\",\"@id\":\"https:\/\/nemesispuzol.es\/#website\",\"url\":\"https:\/\/nemesispuzol.es\/\",\"name\":\"Nemesis Puzol SL\",\"description\":\"\",\"publisher\":{\"@id\":\"https:\/\/nemesispuzol.es\/#organization\"},\"potentialAction\":[{\"@type\":\"SearchAction\",\"target\":{\"@type\":\"EntryPoint\",\"urlTemplate\":\"https:\/\/nemesispuzol.es\/?s={search_term_string}\"},\"query-input\":{\"@type\":\"PropertyValueSpecification\",\"valueRequired\":true,\"valueName\":\"search_term_string\"}}],\"inLanguage\":\"es\"},{\"@type\":\"Organization\",\"@id\":\"https:\/\/nemesispuzol.es\/#organization\",\"name\":\"Nemesis Puzol SL\",\"url\":\"https:\/\/nemesispuzol.es\/\",\"logo\":{\"@type\":\"ImageObject\",\"inLanguage\":\"es\",\"@id\":\"https:\/\/nemesispuzol.es\/#\/schema\/logo\/image\/\",\"url\":\"https:\/\/nemesispuzol.es\/wp-content\/uploads\/2023\/08\/logo-1.png\",\"contentUrl\":\"https:\/\/nemesispuzol.es\/wp-content\/uploads\/2023\/08\/logo-1.png\",\"width\":213,\"height\":44,\"caption\":\"Nemesis Puzol SL\"},\"image\":{\"@id\":\"https:\/\/nemesispuzol.es\/#\/schema\/logo\/image\/\"}}]}<\/script>\n<!-- \/ Yoast SEO plugin. -->","yoast_head_json":{"title":"Nuestro equipo - Nemesis Puzol SL","robots":{"index":"index","follow":"follow","max-snippet":"max-snippet:-1","max-image-preview":"max-image-preview:large","max-video-preview":"max-video-preview:-1"},"canonical":"https:\/\/nemesispuzol.es\/?page_id=49","og_locale":"es_ES","og_type":"article","og_title":"Nuestro equipo - Nemesis Puzol SL","og_description":"Eloy Gal\u00e1n Moreno Director Gerente eloy@nemesispuzol.esAntonio Gilabert Roig Director Financiero toni@nemesispuzol.esMar\u00eda Suceso Alegre Departamento Jur\u00eddico juridico@nemesisasesores.com Disponemos de un gran equipo de trabajo especializado en las distintas \u00e1reas Fiscal, Laboral y ContableCarmen Rojas Sebasti\u00e1 Departamento Fiscal carmen@nemesispuzol.esEloy Gal\u00e1n Departamento Fiscal eloyjr@nemesispuzol.esM\u00f3nica Lunar G\u00f3mez Departamento Fiscal Laboral monica@nemesispuzol.esSoledad Chulvi Garc\u00eda Departamento Fiscal Contable sole@nemesispuzol.es","og_url":"https:\/\/nemesispuzol.es\/?page_id=49","og_site_name":"Nemesis Puzol SL","article_modified_time":"2023-08-03T06:45:51+00:00","twitter_card":"summary_large_image","twitter_misc":{"Tiempo de lectura":"4 minutos"},"schema":{"@context":"https:\/\/schema.org","@graph":[{"@type":"WebPage","@id":"https:\/\/nemesispuzol.es\/?page_id=49","url":"https:\/\/nemesispuzol.es\/?page_id=49","name":"Nuestro equipo - Nemesis Puzol SL","isPartOf":{"@id":"https:\/\/nemesispuzol.es\/#website"},"datePublished":"2023-08-03T06:45:32+00:00","dateModified":"2023-08-03T06:45:51+00:00","breadcrumb":{"@id":"https:\/\/nemesispuzol.es\/?page_id=49#breadcrumb"},"inLanguage":"es","potentialAction":[{"@type":"ReadAction","target":["https:\/\/nemesispuzol.es\/?page_id=49"]}]},{"@type":"BreadcrumbList","@id":"https:\/\/nemesispuzol.es\/?page_id=49#breadcrumb","itemListElement":[{"@type":"ListItem","position":1,"name":"Portada","item":"https:\/\/nemesispuzol.es\/"},{"@type":"ListItem","position":2,"name":"Nuestro equipo"}]},{"@type":"WebSite","@id":"https:\/\/nemesispuzol.es\/#website","url":"https:\/\/nemesispuzol.es\/","name":"Nemesis Puzol SL","description":"","publisher":{"@id":"https:\/\/nemesispuzol.es\/#organization"},"potentialAction":[{"@type":"SearchAction","target":{"@type":"EntryPoint","urlTemplate":"https:\/\/nemesispuzol.es\/?s={search_term_string}"},"query-input":{"@type":"PropertyValueSpecification","valueRequired":true,"valueName":"search_term_string"}}],"inLanguage":"es"},{"@type":"Organization","@id":"https:\/\/nemesispuzol.es\/#organization","name":"Nemesis Puzol SL","url":"https:\/\/nemesispuzol.es\/","logo":{"@type":"ImageObject","inLanguage":"es","@id":"https:\/\/nemesispuzol.es\/#\/schema\/logo\/image\/","url":"https:\/\/nemesispuzol.es\/wp-content\/uploads\/2023\/08\/logo-1.png","contentUrl":"https:\/\/nemesispuzol.es\/wp-content\/uploads\/2023\/08\/logo-1.png","width":213,"height":44,"caption":"Nemesis Puzol SL"},"image":{"@id":"https:\/\/nemesispuzol.es\/#\/schema\/logo\/image\/"}}]}},"_links":{"self":[{"href":"https:\/\/nemesispuzol.es\/index.php?rest_route=\/wp\/v2\/pages\/49","targetHints":{"allow":["GET"]}}],"collection":[{"href":"https:\/\/nemesispuzol.es\/index.php?rest_route=\/wp\/v2\/pages"}],"about":[{"href":"https:\/\/nemesispuzol.es\/index.php?rest_route=\/wp\/v2\/types\/page"}],"author":[{"embeddable":true,"href":"https:\/\/nemesispuzol.es\/index.php?rest_route=\/wp\/v2\/users\/1"}],"replies":[{"embeddable":true,"href":"https:\/\/nemesispuzol.es\/index.php?rest_route=%2Fwp%2Fv2%2Fcomments&post=49"}],"version-history":[{"count":3,"href":"https:\/\/nemesispuzol.es\/index.php?rest_route=\/wp\/v2\/pages\/49\/revisions"}],"predecessor-version":[{"id":60,"href":"https:\/\/nemesispuzol.es\/index.php?rest_route=\/wp\/v2\/pages\/49\/revisions\/60"}],"wp:attachment":[{"href":"https:\/\/nemesispuzol.es\/index.php?rest_route=%2Fwp%2Fv2%2Fmedia&parent=49"}],"curies":[{"name":"wp","href":"https:\/\/api.w.org\/{rel}","templated":true}]}}