{"id":41,"date":"2023-08-03T06:28:48","date_gmt":"2023-08-03T06:28:48","guid":{"rendered":"https:\/\/nemesispuzol.es\/?page_id=41"},"modified":"2023-08-03T09:27:38","modified_gmt":"2023-08-03T09:27:38","slug":"41-2","status":"publish","type":"page","link":"https:\/\/nemesispuzol.es\/?page_id=41","title":{"rendered":"Asesor\u00eda Jur\u00eddica"},"content":{"rendered":"<p>[et_pb_section fb_built=\u00bb1&#8243; _builder_version=\u00bb4.21.2&#8243; _module_preset=\u00bbdefault\u00bb global_colors_info=\u00bb{}\u00bb][et_pb_row _builder_version=\u00bb4.21.2&#8243; _module_preset=\u00bbdefault\u00bb hover_enabled=\u00bb0&#8243; global_colors_info=\u00bb{}\u00bb custom_margin=\u00bb3em||||false|false\u00bb sticky_enabled=\u00bb0&#8243;][et_pb_column type=\u00bb4_4&#8243; _builder_version=\u00bb4.21.2&#8243; _module_preset=\u00bbdefault\u00bb global_colors_info=\u00bb{}\u00bb][et_pb_text _builder_version=\u00bb4.21.2&#8243; _module_preset=\u00bbdefault\u00bb global_colors_info=\u00bb{}\u00bb]<\/p>\n<h2 style=\"text-align: center;\">ASESOR\u00cdA JUR\u00cdDICA<\/h2>\n<hr width=\"200px\" \/>\n<p style=\"text-align: center;\">Contamos con asesoramiento legal, que har\u00e1 valer sus derechos, resolver\u00e1 de la mejor manera posible sus necesidades, ofreci\u00e9ndole seguridad y aport\u00e1ndole solvencia jur\u00eddica del m\u00e1s alto nivel.<\/p>\n<p>[\/et_pb_text][\/et_pb_column][\/et_pb_row][et_pb_row _builder_version=\u00bb4.21.2&#8243; _module_preset=\u00bbdefault\u00bb global_colors_info=\u00bb{}\u00bb][et_pb_column type=\u00bb4_4&#8243; _builder_version=\u00bb4.21.2&#8243; _module_preset=\u00bbdefault\u00bb global_colors_info=\u00bb{}\u00bb][et_pb_slider show_arrows=\u00bboff\u00bb _builder_version=\u00bb4.21.2&#8243; _module_preset=\u00bbdefault\u00bb header_text_color=\u00bb#000000&#8243; body_text_color=\u00bb#000000&#8243; background_color=\u00bbRGBA(255,255,255,0)\u00bb text_orientation=\u00bbleft\u00bb global_colors_info=\u00bb{}\u00bb][et_pb_slide heading=\u00bbAsesoramiento Jur\u00eddico\u00bb image=\u00bbhttps:\/\/nemesispuzol.es\/wp-content\/uploads\/2023\/08\/1.png\u00bb _builder_version=\u00bb4.21.2&#8243; _module_preset=\u00bbdefault\u00bb background_enable_color=\u00bboff\u00bb background_layout=\u00bblight\u00bb global_colors_info=\u00bb{}\u00bb sticky_transition=\u00bbon\u00bb]<\/p>\n<p>Nuestro despacho es especialista en Derecho de Familia para asesorarte cu\u00e1l es la mejor soluci\u00f3n en caso de divorcio o separaci\u00f3n. Tambi\u00e9n gestionamos asuntos relacionados con sucesiones, herencias (testamentos, tramitaciones, escrituras, impuestos),impagos o reclamaciones. Estos, entre otros, son algunos de nuestros servicios jur\u00eddicos.<\/p>\n<p>[\/et_pb_slide][et_pb_slide heading=\u00bbDespido Laboral\u00bb image=\u00bbhttps:\/\/nemesispuzol.es\/wp-content\/uploads\/2023\/08\/2.png\u00bb _builder_version=\u00bb4.21.2&#8243; _module_preset=\u00bbdefault\u00bb global_colors_info=\u00bb{}\u00bb sticky_transition=\u00bbon\u00bb]Nuestros servicios en Puzol est\u00e1n dirigidos por un equipo de asesores que incluye un abogado especialista en el terreno Legal y gestiona de forma sencilla y eficaz cualquier modalidad de despido laboral: improcedente, procedente, disciplinario, por causas objetivas, despido colectivo y despido por fuerza mayor.[\/et_pb_slide][et_pb_slide heading=\u00bbDefensa legal preventiva\u00bb image=\u00bbhttps:\/\/nemesispuzol.es\/wp-content\/uploads\/2023\/08\/3.png\u00bb _builder_version=\u00bb4.21.2&#8243; _module_preset=\u00bbdefault\u00bb global_colors_info=\u00bb{}\u00bb sticky_transition=\u00bbon\u00bb]<\/p>\n<p>Consideramos que la mejor defensa legal es la preventiva, por lo que es imprescindible asesorarse con un abogado antes de celebrar cualquier negocio jur\u00eddico o emprender cualquier acci\u00f3n legal.<\/p>\n<p>[\/et_pb_slide][\/et_pb_slider][\/et_pb_column][\/et_pb_row][\/et_pb_section]<\/p>\n","protected":false},"excerpt":{"rendered":"<p>ASESOR\u00cdA JUR\u00cdDICA Contamos con asesoramiento legal, que har\u00e1 valer sus derechos, resolver\u00e1 de la mejor manera posible sus necesidades, ofreci\u00e9ndole seguridad y aport\u00e1ndole solvencia jur\u00eddica del m\u00e1s alto nivel.Nuestro despacho es especialista en Derecho de Familia para asesorarte cu\u00e1l es la mejor soluci\u00f3n en caso de divorcio o separaci\u00f3n. Tambi\u00e9n gestionamos asuntos relacionados con sucesiones, [&hellip;]<\/p>\n","protected":false},"author":1,"featured_media":0,"parent":0,"menu_order":0,"comment_status":"closed","ping_status":"closed","template":"","meta":{"_et_pb_use_builder":"on","_et_pb_old_content":"","_et_gb_content_width":"","footnotes":""},"class_list":["post-41","page","type-page","status-publish","hentry"],"yoast_head":"<!-- This site is optimized with the Yoast SEO plugin v26.0 - https:\/\/yoast.com\/wordpress\/plugins\/seo\/ -->\n<title>Asesor\u00eda Jur\u00eddica - Nemesis Puzol SL<\/title>\n<meta name=\"robots\" content=\"index, follow, max-snippet:-1, max-image-preview:large, max-video-preview:-1\" \/>\n<link rel=\"canonical\" href=\"https:\/\/nemesispuzol.es\/?page_id=41\" \/>\n<meta property=\"og:locale\" content=\"es_ES\" \/>\n<meta property=\"og:type\" content=\"article\" \/>\n<meta property=\"og:title\" content=\"Asesor\u00eda Jur\u00eddica - Nemesis Puzol SL\" \/>\n<meta property=\"og:description\" content=\"ASESOR\u00cdA JUR\u00cdDICA Contamos con asesoramiento legal, que har\u00e1 valer sus derechos, resolver\u00e1 de la mejor manera posible sus necesidades, ofreci\u00e9ndole seguridad y aport\u00e1ndole solvencia jur\u00eddica del m\u00e1s alto nivel.Nuestro despacho es especialista en Derecho de Familia para asesorarte cu\u00e1l es la mejor soluci\u00f3n en caso de divorcio o separaci\u00f3n. Tambi\u00e9n gestionamos asuntos relacionados con sucesiones, [&hellip;]\" \/>\n<meta property=\"og:url\" content=\"https:\/\/nemesispuzol.es\/?page_id=41\" \/>\n<meta property=\"og:site_name\" content=\"Nemesis Puzol SL\" \/>\n<meta property=\"article:modified_time\" content=\"2023-08-03T09:27:38+00:00\" \/>\n<meta name=\"twitter:card\" content=\"summary_large_image\" \/>\n<meta name=\"twitter:label1\" content=\"Tiempo de lectura\" \/>\n\t<meta name=\"twitter:data1\" content=\"2 minutos\" \/>\n<script type=\"application\/ld+json\" class=\"yoast-schema-graph\">{\"@context\":\"https:\/\/schema.org\",\"@graph\":[{\"@type\":\"WebPage\",\"@id\":\"https:\/\/nemesispuzol.es\/?page_id=41\",\"url\":\"https:\/\/nemesispuzol.es\/?page_id=41\",\"name\":\"Asesor\u00eda Jur\u00eddica - Nemesis Puzol SL\",\"isPartOf\":{\"@id\":\"https:\/\/nemesispuzol.es\/#website\"},\"datePublished\":\"2023-08-03T06:28:48+00:00\",\"dateModified\":\"2023-08-03T09:27:38+00:00\",\"breadcrumb\":{\"@id\":\"https:\/\/nemesispuzol.es\/?page_id=41#breadcrumb\"},\"inLanguage\":\"es\",\"potentialAction\":[{\"@type\":\"ReadAction\",\"target\":[\"https:\/\/nemesispuzol.es\/?page_id=41\"]}]},{\"@type\":\"BreadcrumbList\",\"@id\":\"https:\/\/nemesispuzol.es\/?page_id=41#breadcrumb\",\"itemListElement\":[{\"@type\":\"ListItem\",\"position\":1,\"name\":\"Portada\",\"item\":\"https:\/\/nemesispuzol.es\/\"},{\"@type\":\"ListItem\",\"position\":2,\"name\":\"Asesor\u00eda Jur\u00eddica\"}]},{\"@type\":\"WebSite\",\"@id\":\"https:\/\/nemesispuzol.es\/#website\",\"url\":\"https:\/\/nemesispuzol.es\/\",\"name\":\"Nemesis Puzol SL\",\"description\":\"\",\"publisher\":{\"@id\":\"https:\/\/nemesispuzol.es\/#organization\"},\"potentialAction\":[{\"@type\":\"SearchAction\",\"target\":{\"@type\":\"EntryPoint\",\"urlTemplate\":\"https:\/\/nemesispuzol.es\/?s={search_term_string}\"},\"query-input\":{\"@type\":\"PropertyValueSpecification\",\"valueRequired\":true,\"valueName\":\"search_term_string\"}}],\"inLanguage\":\"es\"},{\"@type\":\"Organization\",\"@id\":\"https:\/\/nemesispuzol.es\/#organization\",\"name\":\"Nemesis Puzol SL\",\"url\":\"https:\/\/nemesispuzol.es\/\",\"logo\":{\"@type\":\"ImageObject\",\"inLanguage\":\"es\",\"@id\":\"https:\/\/nemesispuzol.es\/#\/schema\/logo\/image\/\",\"url\":\"https:\/\/nemesispuzol.es\/wp-content\/uploads\/2023\/08\/logo-1.png\",\"contentUrl\":\"https:\/\/nemesispuzol.es\/wp-content\/uploads\/2023\/08\/logo-1.png\",\"width\":213,\"height\":44,\"caption\":\"Nemesis Puzol SL\"},\"image\":{\"@id\":\"https:\/\/nemesispuzol.es\/#\/schema\/logo\/image\/\"}}]}<\/script>\n<!-- \/ Yoast SEO plugin. -->","yoast_head_json":{"title":"Asesor\u00eda Jur\u00eddica - Nemesis Puzol SL","robots":{"index":"index","follow":"follow","max-snippet":"max-snippet:-1","max-image-preview":"max-image-preview:large","max-video-preview":"max-video-preview:-1"},"canonical":"https:\/\/nemesispuzol.es\/?page_id=41","og_locale":"es_ES","og_type":"article","og_title":"Asesor\u00eda Jur\u00eddica - Nemesis Puzol SL","og_description":"ASESOR\u00cdA JUR\u00cdDICA Contamos con asesoramiento legal, que har\u00e1 valer sus derechos, resolver\u00e1 de la mejor manera posible sus necesidades, ofreci\u00e9ndole seguridad y aport\u00e1ndole solvencia jur\u00eddica del m\u00e1s alto nivel.Nuestro despacho es especialista en Derecho de Familia para asesorarte cu\u00e1l es la mejor soluci\u00f3n en caso de divorcio o separaci\u00f3n. Tambi\u00e9n gestionamos asuntos relacionados con sucesiones, [&hellip;]","og_url":"https:\/\/nemesispuzol.es\/?page_id=41","og_site_name":"Nemesis Puzol SL","article_modified_time":"2023-08-03T09:27:38+00:00","twitter_card":"summary_large_image","twitter_misc":{"Tiempo de lectura":"2 minutos"},"schema":{"@context":"https:\/\/schema.org","@graph":[{"@type":"WebPage","@id":"https:\/\/nemesispuzol.es\/?page_id=41","url":"https:\/\/nemesispuzol.es\/?page_id=41","name":"Asesor\u00eda Jur\u00eddica - Nemesis Puzol SL","isPartOf":{"@id":"https:\/\/nemesispuzol.es\/#website"},"datePublished":"2023-08-03T06:28:48+00:00","dateModified":"2023-08-03T09:27:38+00:00","breadcrumb":{"@id":"https:\/\/nemesispuzol.es\/?page_id=41#breadcrumb"},"inLanguage":"es","potentialAction":[{"@type":"ReadAction","target":["https:\/\/nemesispuzol.es\/?page_id=41"]}]},{"@type":"BreadcrumbList","@id":"https:\/\/nemesispuzol.es\/?page_id=41#breadcrumb","itemListElement":[{"@type":"ListItem","position":1,"name":"Portada","item":"https:\/\/nemesispuzol.es\/"},{"@type":"ListItem","position":2,"name":"Asesor\u00eda Jur\u00eddica"}]},{"@type":"WebSite","@id":"https:\/\/nemesispuzol.es\/#website","url":"https:\/\/nemesispuzol.es\/","name":"Nemesis Puzol SL","description":"","publisher":{"@id":"https:\/\/nemesispuzol.es\/#organization"},"potentialAction":[{"@type":"SearchAction","target":{"@type":"EntryPoint","urlTemplate":"https:\/\/nemesispuzol.es\/?s={search_term_string}"},"query-input":{"@type":"PropertyValueSpecification","valueRequired":true,"valueName":"search_term_string"}}],"inLanguage":"es"},{"@type":"Organization","@id":"https:\/\/nemesispuzol.es\/#organization","name":"Nemesis Puzol SL","url":"https:\/\/nemesispuzol.es\/","logo":{"@type":"ImageObject","inLanguage":"es","@id":"https:\/\/nemesispuzol.es\/#\/schema\/logo\/image\/","url":"https:\/\/nemesispuzol.es\/wp-content\/uploads\/2023\/08\/logo-1.png","contentUrl":"https:\/\/nemesispuzol.es\/wp-content\/uploads\/2023\/08\/logo-1.png","width":213,"height":44,"caption":"Nemesis Puzol SL"},"image":{"@id":"https:\/\/nemesispuzol.es\/#\/schema\/logo\/image\/"}}]}},"_links":{"self":[{"href":"https:\/\/nemesispuzol.es\/index.php?rest_route=\/wp\/v2\/pages\/41","targetHints":{"allow":["GET"]}}],"collection":[{"href":"https:\/\/nemesispuzol.es\/index.php?rest_route=\/wp\/v2\/pages"}],"about":[{"href":"https:\/\/nemesispuzol.es\/index.php?rest_route=\/wp\/v2\/types\/page"}],"author":[{"embeddable":true,"href":"https:\/\/nemesispuzol.es\/index.php?rest_route=\/wp\/v2\/users\/1"}],"replies":[{"embeddable":true,"href":"https:\/\/nemesispuzol.es\/index.php?rest_route=%2Fwp%2Fv2%2Fcomments&post=41"}],"version-history":[{"count":4,"href":"https:\/\/nemesispuzol.es\/index.php?rest_route=\/wp\/v2\/pages\/41\/revisions"}],"predecessor-version":[{"id":115,"href":"https:\/\/nemesispuzol.es\/index.php?rest_route=\/wp\/v2\/pages\/41\/revisions\/115"}],"wp:attachment":[{"href":"https:\/\/nemesispuzol.es\/index.php?rest_route=%2Fwp%2Fv2%2Fmedia&parent=41"}],"curies":[{"name":"wp","href":"https:\/\/api.w.org\/{rel}","templated":true}]}}