{"id":27,"date":"2023-08-02T12:55:16","date_gmt":"2023-08-02T12:55:16","guid":{"rendered":"https:\/\/nemesispuzol.es\/?page_id=27"},"modified":"2023-08-03T07:31:23","modified_gmt":"2023-08-03T07:31:23","slug":"27-2","status":"publish","type":"page","link":"https:\/\/nemesispuzol.es\/?page_id=27","title":{"rendered":"Asesoria Laboral"},"content":{"rendered":"<p>[et_pb_section fb_built=\u00bb1&#8243; _builder_version=\u00bb4.21.2&#8243; _module_preset=\u00bbdefault\u00bb global_colors_info=\u00bb{}\u00bb][et_pb_row _builder_version=\u00bb4.21.2&#8243; _module_preset=\u00bbdefault\u00bb global_colors_info=\u00bb{}\u00bb][et_pb_column type=\u00bb4_4&#8243; _builder_version=\u00bb4.21.2&#8243; _module_preset=\u00bbdefault\u00bb global_colors_info=\u00bb{}\u00bb][et_pb_text _builder_version=\u00bb4.21.2&#8243; _module_preset=\u00bbdefault\u00bb global_colors_info=\u00bb{}\u00bb]<\/p>\n<h2 style=\"text-align: center;\">ASESOR\u00cdA LABORAL<\/h2>\n<hr width=\"200px\" \/>\n<div class=\"col-md-offset-2 col-md-8\">\n<div class=\"section-heading\">\n<p style=\"text-align: center;\"><strong>Hemos trabajado asesorando a nuestros clientes durante los \u00faltimos 25 a\u00f1os.<\/strong><\/p>\n<\/div>\n<\/div>\n<p>[\/et_pb_text][\/et_pb_column][\/et_pb_row][et_pb_row column_structure=\u00bb1_2,1_2&#8243; _builder_version=\u00bb4.21.2&#8243; _module_preset=\u00bbdefault\u00bb global_colors_info=\u00bb{}\u00bb][et_pb_column type=\u00bb1_2&#8243; _builder_version=\u00bb4.21.2&#8243; _module_preset=\u00bbdefault\u00bb global_colors_info=\u00bb{}\u00bb][et_pb_image src=\u00bbhttps:\/\/nemesispuzol.es\/wp-content\/uploads\/2023\/08\/about-img-4-scaled.jpg\u00bb _builder_version=\u00bb4.21.2&#8243; _module_preset=\u00bbdefault\u00bb hover_enabled=\u00bb0&#8243; global_colors_info=\u00bb{}\u00bb title_text=\u00bbabout-img\u00bb sticky_enabled=\u00bb0&#8243;][\/et_pb_image][\/et_pb_column][et_pb_column type=\u00bb1_2&#8243; _builder_version=\u00bb4.21.2&#8243; _module_preset=\u00bbdefault\u00bb global_colors_info=\u00bb{}\u00bb][et_pb_text _builder_version=\u00bb4.21.2&#8243; _module_preset=\u00bbdefault\u00bb hover_enabled=\u00bb0&#8243; sticky_enabled=\u00bb0&#8243; text_font=\u00bb||||||||\u00bb]<\/p>\n<h3><em>Nuestro personal recibe una formaci\u00f3n espec\u00edfica y continua para ofrecerle la mejor asistencia y las soluciones id\u00f3neas para usted y para su empresa.<\/em><\/h3>\n<h3><em>Un equipo de expertos con amplios conocimientos en materia laboral, se esfuerza en mantener una comunicaci\u00f3n transparente con el cliente con la finalidad de ofrecer los servicios m\u00e1s adecuados para cada uno.<\/em><\/h3>\n<p><span style=\"color: #000000;\">En N\u00e9mesis Asesores prestamos servicio de manera personalizada a cualquier tipo de empresa, independientemente del sector o de la actividad econ\u00f3mica que desarrolle, teniendo en cuenta su actividad, sus compromisos legales, su volumen de negocio y sus obligaciones legales.<\/span><\/p>\n<p>[\/et_pb_text][\/et_pb_column][\/et_pb_row][et_pb_row _builder_version=\u00bb4.21.2&#8243; _module_preset=\u00bbdefault\u00bb column_structure=\u00bb1_4,1_4,1_4,1_4&#8243;][et_pb_column _builder_version=\u00bb4.21.2&#8243; _module_preset=\u00bbdefault\u00bb type=\u00bb1_4&#8243;][et_pb_image src=\u00bbhttps:\/\/nemesispuzol.es\/wp-content\/uploads\/2023\/08\/9.jpg\u00bb _builder_version=\u00bb4.21.2&#8243; _module_preset=\u00bbdefault\u00bb hover_enabled=\u00bb0&#8243; sticky_enabled=\u00bb0&#8243; title_text=\u00bb9&#8243;][\/et_pb_image][\/et_pb_column][et_pb_column _builder_version=\u00bb4.21.2&#8243; _module_preset=\u00bbdefault\u00bb type=\u00bb1_4&#8243;][et_pb_image src=\u00bbhttps:\/\/nemesispuzol.es\/wp-content\/uploads\/2023\/08\/10.jpg\u00bb _builder_version=\u00bb4.21.2&#8243; _module_preset=\u00bbdefault\u00bb hover_enabled=\u00bb0&#8243; sticky_enabled=\u00bb0&#8243; title_text=\u00bb10&#8243;][\/et_pb_image][\/et_pb_column][et_pb_column _builder_version=\u00bb4.21.2&#8243; _module_preset=\u00bbdefault\u00bb type=\u00bb1_4&#8243;][et_pb_image src=\u00bbhttps:\/\/nemesispuzol.es\/wp-content\/uploads\/2023\/08\/11.jpg\u00bb _builder_version=\u00bb4.21.2&#8243; _module_preset=\u00bbdefault\u00bb hover_enabled=\u00bb0&#8243; sticky_enabled=\u00bb0&#8243; title_text=\u00bb11&#8243;][\/et_pb_image][\/et_pb_column][et_pb_column _builder_version=\u00bb4.21.2&#8243; _module_preset=\u00bbdefault\u00bb type=\u00bb1_4&#8243;][et_pb_image src=\u00bbhttps:\/\/nemesispuzol.es\/wp-content\/uploads\/2023\/08\/12.jpg\u00bb _builder_version=\u00bb4.21.2&#8243; _module_preset=\u00bbdefault\u00bb hover_enabled=\u00bb0&#8243; sticky_enabled=\u00bb0&#8243; title_text=\u00bb12&#8243;][\/et_pb_image][\/et_pb_column][\/et_pb_row][\/et_pb_section]<\/p>\n","protected":false},"excerpt":{"rendered":"<p>ASESOR\u00cdA LABORAL Hemos trabajado asesorando a nuestros clientes durante los \u00faltimos 25 a\u00f1os. Nuestro personal recibe una formaci\u00f3n espec\u00edfica y continua para ofrecerle la mejor asistencia y las soluciones id\u00f3neas para usted y para su empresa. Un equipo de expertos con amplios conocimientos en materia laboral, se esfuerza en mantener una comunicaci\u00f3n transparente con el [&hellip;]<\/p>\n","protected":false},"author":1,"featured_media":0,"parent":0,"menu_order":0,"comment_status":"closed","ping_status":"closed","template":"","meta":{"_et_pb_use_builder":"on","_et_pb_old_content":"","_et_gb_content_width":"","footnotes":""},"class_list":["post-27","page","type-page","status-publish","hentry"],"yoast_head":"<!-- This site is optimized with the Yoast SEO plugin v26.0 - https:\/\/yoast.com\/wordpress\/plugins\/seo\/ -->\n<title>Asesoria Laboral - Nemesis Puzol SL<\/title>\n<meta name=\"robots\" content=\"index, follow, max-snippet:-1, max-image-preview:large, max-video-preview:-1\" \/>\n<link rel=\"canonical\" href=\"https:\/\/nemesispuzol.es\/?page_id=27\" \/>\n<meta property=\"og:locale\" content=\"es_ES\" \/>\n<meta property=\"og:type\" content=\"article\" \/>\n<meta property=\"og:title\" content=\"Asesoria Laboral - Nemesis Puzol SL\" \/>\n<meta property=\"og:description\" content=\"ASESOR\u00cdA LABORAL Hemos trabajado asesorando a nuestros clientes durante los \u00faltimos 25 a\u00f1os. Nuestro personal recibe una formaci\u00f3n espec\u00edfica y continua para ofrecerle la mejor asistencia y las soluciones id\u00f3neas para usted y para su empresa. Un equipo de expertos con amplios conocimientos en materia laboral, se esfuerza en mantener una comunicaci\u00f3n transparente con el [&hellip;]\" \/>\n<meta property=\"og:url\" content=\"https:\/\/nemesispuzol.es\/?page_id=27\" \/>\n<meta property=\"og:site_name\" content=\"Nemesis Puzol SL\" \/>\n<meta property=\"article:modified_time\" content=\"2023-08-03T07:31:23+00:00\" \/>\n<meta name=\"twitter:card\" content=\"summary_large_image\" \/>\n<meta name=\"twitter:label1\" content=\"Tiempo de lectura\" \/>\n\t<meta name=\"twitter:data1\" content=\"2 minutos\" \/>\n<script type=\"application\/ld+json\" class=\"yoast-schema-graph\">{\"@context\":\"https:\/\/schema.org\",\"@graph\":[{\"@type\":\"WebPage\",\"@id\":\"https:\/\/nemesispuzol.es\/?page_id=27\",\"url\":\"https:\/\/nemesispuzol.es\/?page_id=27\",\"name\":\"Asesoria Laboral - Nemesis Puzol SL\",\"isPartOf\":{\"@id\":\"https:\/\/nemesispuzol.es\/#website\"},\"datePublished\":\"2023-08-02T12:55:16+00:00\",\"dateModified\":\"2023-08-03T07:31:23+00:00\",\"breadcrumb\":{\"@id\":\"https:\/\/nemesispuzol.es\/?page_id=27#breadcrumb\"},\"inLanguage\":\"es\",\"potentialAction\":[{\"@type\":\"ReadAction\",\"target\":[\"https:\/\/nemesispuzol.es\/?page_id=27\"]}]},{\"@type\":\"BreadcrumbList\",\"@id\":\"https:\/\/nemesispuzol.es\/?page_id=27#breadcrumb\",\"itemListElement\":[{\"@type\":\"ListItem\",\"position\":1,\"name\":\"Portada\",\"item\":\"https:\/\/nemesispuzol.es\/\"},{\"@type\":\"ListItem\",\"position\":2,\"name\":\"Asesoria Laboral\"}]},{\"@type\":\"WebSite\",\"@id\":\"https:\/\/nemesispuzol.es\/#website\",\"url\":\"https:\/\/nemesispuzol.es\/\",\"name\":\"Nemesis Puzol SL\",\"description\":\"\",\"publisher\":{\"@id\":\"https:\/\/nemesispuzol.es\/#organization\"},\"potentialAction\":[{\"@type\":\"SearchAction\",\"target\":{\"@type\":\"EntryPoint\",\"urlTemplate\":\"https:\/\/nemesispuzol.es\/?s={search_term_string}\"},\"query-input\":{\"@type\":\"PropertyValueSpecification\",\"valueRequired\":true,\"valueName\":\"search_term_string\"}}],\"inLanguage\":\"es\"},{\"@type\":\"Organization\",\"@id\":\"https:\/\/nemesispuzol.es\/#organization\",\"name\":\"Nemesis Puzol SL\",\"url\":\"https:\/\/nemesispuzol.es\/\",\"logo\":{\"@type\":\"ImageObject\",\"inLanguage\":\"es\",\"@id\":\"https:\/\/nemesispuzol.es\/#\/schema\/logo\/image\/\",\"url\":\"https:\/\/nemesispuzol.es\/wp-content\/uploads\/2023\/08\/logo-1.png\",\"contentUrl\":\"https:\/\/nemesispuzol.es\/wp-content\/uploads\/2023\/08\/logo-1.png\",\"width\":213,\"height\":44,\"caption\":\"Nemesis Puzol SL\"},\"image\":{\"@id\":\"https:\/\/nemesispuzol.es\/#\/schema\/logo\/image\/\"}}]}<\/script>\n<!-- \/ Yoast SEO plugin. -->","yoast_head_json":{"title":"Asesoria Laboral - Nemesis Puzol SL","robots":{"index":"index","follow":"follow","max-snippet":"max-snippet:-1","max-image-preview":"max-image-preview:large","max-video-preview":"max-video-preview:-1"},"canonical":"https:\/\/nemesispuzol.es\/?page_id=27","og_locale":"es_ES","og_type":"article","og_title":"Asesoria Laboral - Nemesis Puzol SL","og_description":"ASESOR\u00cdA LABORAL Hemos trabajado asesorando a nuestros clientes durante los \u00faltimos 25 a\u00f1os. Nuestro personal recibe una formaci\u00f3n espec\u00edfica y continua para ofrecerle la mejor asistencia y las soluciones id\u00f3neas para usted y para su empresa. Un equipo de expertos con amplios conocimientos en materia laboral, se esfuerza en mantener una comunicaci\u00f3n transparente con el [&hellip;]","og_url":"https:\/\/nemesispuzol.es\/?page_id=27","og_site_name":"Nemesis Puzol SL","article_modified_time":"2023-08-03T07:31:23+00:00","twitter_card":"summary_large_image","twitter_misc":{"Tiempo de lectura":"2 minutos"},"schema":{"@context":"https:\/\/schema.org","@graph":[{"@type":"WebPage","@id":"https:\/\/nemesispuzol.es\/?page_id=27","url":"https:\/\/nemesispuzol.es\/?page_id=27","name":"Asesoria Laboral - Nemesis Puzol SL","isPartOf":{"@id":"https:\/\/nemesispuzol.es\/#website"},"datePublished":"2023-08-02T12:55:16+00:00","dateModified":"2023-08-03T07:31:23+00:00","breadcrumb":{"@id":"https:\/\/nemesispuzol.es\/?page_id=27#breadcrumb"},"inLanguage":"es","potentialAction":[{"@type":"ReadAction","target":["https:\/\/nemesispuzol.es\/?page_id=27"]}]},{"@type":"BreadcrumbList","@id":"https:\/\/nemesispuzol.es\/?page_id=27#breadcrumb","itemListElement":[{"@type":"ListItem","position":1,"name":"Portada","item":"https:\/\/nemesispuzol.es\/"},{"@type":"ListItem","position":2,"name":"Asesoria Laboral"}]},{"@type":"WebSite","@id":"https:\/\/nemesispuzol.es\/#website","url":"https:\/\/nemesispuzol.es\/","name":"Nemesis Puzol SL","description":"","publisher":{"@id":"https:\/\/nemesispuzol.es\/#organization"},"potentialAction":[{"@type":"SearchAction","target":{"@type":"EntryPoint","urlTemplate":"https:\/\/nemesispuzol.es\/?s={search_term_string}"},"query-input":{"@type":"PropertyValueSpecification","valueRequired":true,"valueName":"search_term_string"}}],"inLanguage":"es"},{"@type":"Organization","@id":"https:\/\/nemesispuzol.es\/#organization","name":"Nemesis Puzol SL","url":"https:\/\/nemesispuzol.es\/","logo":{"@type":"ImageObject","inLanguage":"es","@id":"https:\/\/nemesispuzol.es\/#\/schema\/logo\/image\/","url":"https:\/\/nemesispuzol.es\/wp-content\/uploads\/2023\/08\/logo-1.png","contentUrl":"https:\/\/nemesispuzol.es\/wp-content\/uploads\/2023\/08\/logo-1.png","width":213,"height":44,"caption":"Nemesis Puzol SL"},"image":{"@id":"https:\/\/nemesispuzol.es\/#\/schema\/logo\/image\/"}}]}},"_links":{"self":[{"href":"https:\/\/nemesispuzol.es\/index.php?rest_route=\/wp\/v2\/pages\/27","targetHints":{"allow":["GET"]}}],"collection":[{"href":"https:\/\/nemesispuzol.es\/index.php?rest_route=\/wp\/v2\/pages"}],"about":[{"href":"https:\/\/nemesispuzol.es\/index.php?rest_route=\/wp\/v2\/types\/page"}],"author":[{"embeddable":true,"href":"https:\/\/nemesispuzol.es\/index.php?rest_route=\/wp\/v2\/users\/1"}],"replies":[{"embeddable":true,"href":"https:\/\/nemesispuzol.es\/index.php?rest_route=%2Fwp%2Fv2%2Fcomments&post=27"}],"version-history":[{"count":5,"href":"https:\/\/nemesispuzol.es\/index.php?rest_route=\/wp\/v2\/pages\/27\/revisions"}],"predecessor-version":[{"id":72,"href":"https:\/\/nemesispuzol.es\/index.php?rest_route=\/wp\/v2\/pages\/27\/revisions\/72"}],"wp:attachment":[{"href":"https:\/\/nemesispuzol.es\/index.php?rest_route=%2Fwp%2Fv2%2Fmedia&parent=27"}],"curies":[{"name":"wp","href":"https:\/\/api.w.org\/{rel}","templated":true}]}}